{"id":1183,"date":"2024-12-13T14:47:05","date_gmt":"2024-12-13T14:47:05","guid":{"rendered":"https:\/\/police-rdc.kinshasadigital.dev\/?page_id=1183"},"modified":"2025-08-26T15:39:42","modified_gmt":"2025-08-26T15:39:42","slug":"les-dispositions-generales","status":"publish","type":"page","link":"https:\/\/police.cd\/site\/les-dispositions-generales\/","title":{"rendered":"Les Dispositions G\u00e9n\u00e9rales"},"content":{"rendered":"\t\t<div data-elementor-type=\"wp-page\" data-elementor-id=\"1183\" class=\"elementor elementor-1183\" data-elementor-post-type=\"page\">\n\t\t\t\t<div data-particle_enable=\"false\" data-particle-mobile-disabled=\"false\" class=\"elementor-element elementor-element-6dd2906 e-flex e-con-boxed e-con e-parent\" data-id=\"6dd2906\" data-element_type=\"container\" data-e-type=\"container\" data-settings=\"{&quot;background_background&quot;:&quot;classic&quot;}\">\n\t\t\t\t\t<div class=\"e-con-inner\">\n\t\t\t\t<div class=\"elementor-element elementor-element-75193b6 elementor-widget elementor-widget-heading\" data-id=\"75193b6\" data-element_type=\"widget\" data-e-type=\"widget\" data-widget_type=\"heading.default\">\n\t\t\t\t<div class=\"elementor-widget-container\">\n\t\t\t\t\t<h2 class=\"elementor-heading-title elementor-size-default\">Les Dispositions G\u00e9n\u00e9rales<\/h2>\t\t\t\t<\/div>\n\t\t\t\t<\/div>\n\t\t\t\t\t<\/div>\n\t\t\t\t<\/div>\n\t\t<div data-particle_enable=\"false\" data-particle-mobile-disabled=\"false\" class=\"elementor-element elementor-element-60ea0b0 e-flex e-con-boxed e-con e-parent\" data-id=\"60ea0b0\" data-element_type=\"container\" data-e-type=\"container\">\n\t\t\t\t\t<div class=\"e-con-inner\">\n\t\t<div data-particle_enable=\"false\" data-particle-mobile-disabled=\"false\" class=\"elementor-element elementor-element-f02bdb1 e-con-full e-flex e-con e-child\" data-id=\"f02bdb1\" data-element_type=\"container\" data-e-type=\"container\">\n\t\t\t\t<div class=\"elementor-element elementor-element-356cbe2 elementor-widget elementor-widget-text-editor\" data-id=\"356cbe2\" data-element_type=\"widget\" data-e-type=\"widget\" data-widget_type=\"text-editor.default\">\n\t\t\t\t<div class=\"elementor-widget-container\">\n\t\t\t\t\t\t\t\t\t<p><strong>La Police Nationale Congolaise<\/strong> est un service public, civil, accessible, \u00e0 l\u2019\u00e9coute de la population et charg\u00e9 de la s\u00e9curit\u00e9 et tranquillit\u00e9 publiques, de la s\u00e9curit\u00e9 des personnes et de leurs biens, du maintien et du r\u00e9tablissement de l\u2019ordre public ainsi que de la protection rapproch\u00e9e de hautes autorit\u00e9s.<\/p><p><strong>La Police Nationale<\/strong> exerce les fonctions de la Police Administrative et les fonctions de la Police Judiciaire.<\/p><p><strong>La Police Nationale<\/strong> jouit d\u2019une autonomie administrative, technique et financi\u00e8re.<\/p><p><strong>La Police Nationale<\/strong> est apolitique. Elle est au service de la nation congolaise.<\/p><p>Nul ne peut la d\u00e9tourner \u00e0 ses fins propres.<\/p><p>La Police Nationale exerce son action sur l\u2019ensemble du territoire national dans le respect de la Constitution, des lois et r\u00e8glements de la R\u00e9publique ainsi que des droits humains et de libert\u00e9s fondamentales.<\/p><p>La Police Nationale est soumise \u00e0 l\u2019autorit\u00e9 civile locale et plac\u00e9e sous la responsabilit\u00e9 du Ministre ayant les affaires int\u00e9rieures dans ses attributions.<\/p><p>La Police Nationale n\u2019inflige, n\u2019encourage ou ne tol\u00e8re aucun acte de torture, aucun traitement ou peine inhumain ou d\u00e9gradant, dans quelque circonstance que ce soit.<\/p><p>La Police Nationale ne recourt \u00e0 la force qu\u2019en cas de n\u00e9cessit\u00e9 absolue et uniquement pour atteindre un objectif l\u00e9gitime.<\/p><p>En tout \u00e9tat de cause, l\u2019usage de la force doit respecter le principe de proportionnalit\u00e9 et de progressivit\u00e9.<\/p><p>Dans l\u2019exercice de leurs fonctions, les agents de la Police peuvent, en cas d\u2019absolue n\u00e9cessit\u00e9, employer la force des armes blanches ou des armes \u00e0 feu\u00a0:<\/p><ol><li>Lorsqu\u2019ils ne peuvent d\u00e9fendre autrement le lieu qu\u2019ils occupent, les \u00e9tablissements, les postes ou les personnes qui leurs sont confi\u00e9es\u00a0;<\/li><li>Lorsque les violences ou voies de fait sont exerc\u00e9es contre eux-m\u00eames ou autrui.<\/li><\/ol><p>Les agents de la Police Nationale font usage, en cas d\u2019absolue n\u00e9cessit\u00e9, d\u2019armes blanches sans r\u00e9quisition pr\u00e9alable lorsqu\u2019ils sont charg\u00e9s, dans l\u2019exercice de leurs fonctions, de disperser des attroupements ou de r\u00e9primer des \u00e9meutes\u00a0; mais ils ne peuvent faire usage d\u2019armes \u00e0 feu que sur r\u00e9quisition pr\u00e9alable de l\u2019autorit\u00e9 l\u00e9galement responsable du maintien de l\u2019ordre.<\/p><p>Avant tout usage d\u2019armes \u00e0 feu, cette autorit\u00e9 fait trois sommations formul\u00e9es \u00e0 haute et intelligible voix dans les termes suivants\u00a0: \u00ab\u00a0<strong><em>Ob\u00e9issance \u00e0 la loi\u00a0; on va faire usage d\u2019armes \u00e0 feu\u00a0; que les bons citoyens se retirent<\/em><\/strong>\u00a0\u00bb.<\/p><p>La Police Nationale v\u00e9rifie syst\u00e9matiquement la l\u00e9galit\u00e9 des op\u00e9rations qu\u2019elle se propose de mener.<\/p><p>Le personnel de la Police Nationale ex\u00e9cute les ordres r\u00e9guli\u00e8rement donn\u00e9s par ses sup\u00e9rieurs. Toutefois, il doit s\u2019abstenir d\u2019ex\u00e9cuter ceux qui sont manifestement ill\u00e9gaux et faire rapport \u00e0 ce sujet, sans crainte de sanction quelconque en pareil cas.<\/p><p>Le personnel de la Police nationale s\u2019oppose \u00e0 toute forme de corruption.<\/p><p>Il informe ses sup\u00e9rieures et d\u2019autres organes comp\u00e9tents de tout cas de corruption.<\/p><p>Tout agent de la Police nationale peut, lorsqu\u2019il est attaqu\u00e9 dans l\u2019exercice de sa mission, requ\u00e9rir l\u2019assistance des personnes pr\u00e9sentes sur les lieux. Ces personnes sont tenues d\u2019obtemp\u00e9rer.<\/p><p>En cas de refus, elles sont punissables conform\u00e9ment aux dispositions l\u00e9gales en vigueur.<\/p>\t\t\t\t\t\t\t\t<\/div>\n\t\t\t\t<\/div>\n\t\t\t\t<\/div>\n\t\t<div data-particle_enable=\"false\" data-particle-mobile-disabled=\"false\" class=\"elementor-element elementor-element-273b0f8 e-con-full e-flex e-con e-child\" data-id=\"273b0f8\" data-element_type=\"container\" data-e-type=\"container\">\n\t\t\t\t<div class=\"elementor-element elementor-element-ec6bf61 elementor-widget elementor-widget-heading\" data-id=\"ec6bf61\" data-element_type=\"widget\" data-e-type=\"widget\" data-widget_type=\"heading.default\">\n\t\t\t\t<div class=\"elementor-widget-container\">\n\t\t\t\t\t<h2 class=\"elementor-heading-title elementor-size-default\">ACTUALITES A LA UNE<\/h2>\t\t\t\t<\/div>\n\t\t\t\t<\/div>\n\t\t\t\t<div class=\"elementor-element elementor-element-ff54b8e elementor-widget elementor-widget-eael-post-list\" data-id=\"ff54b8e\" data-element_type=\"widget\" data-e-type=\"widget\" data-widget_type=\"eael-post-list.default\">\n\t\t\t\t<div class=\"elementor-widget-container\">\n\t\t\t\t\t<div class=\"eael-post-list-container advanced layout-advanced\"><div class=\"eael-post-list-wrap\"><div class=\"eael-post-list-posts-wrap eael-post-appender eael-post-appender-ff54b8e\"><div class=\"eael-post-list-post \"><div class=\"eael-post-list-post-inner\"><div class=\"eael-post-list-thumbnail \"><a href=\"https:\/\/police.cd\/site\/lancement-officiel-de-loperation-de-salubrite-publique-salongo-special-a-kintambo-magasin\/\">\n                <img decoding=\"async\" src=\"https:\/\/police.cd\/site\/wp-content\/uploads\/2026\/04\/WhatsApp-Image-2026-04-11-at-13.31.57-768x1024.jpeg\" alt=\"\">\n            <\/a><\/div><div class=\"eael-post-list-content\"><h2 class=\"eael-post-list-title\"><a href=\"https:\/\/police.cd\/site\/lancement-officiel-de-loperation-de-salubrite-publique-salongo-special-a-kintambo-magasin\/\" >Lancement officiel de l\u2019op\u00e9ration de salubrit\u00e9 publique \u00ab Salongo Sp\u00e9cial \u00bb \u00e0 Kintambo Magasin<\/a><\/h2><div class=\"meta\">\n                    <span><i class=\"far fa-calendar-alt\"><\/i> avril 14, 2026<\/span>\n                <\/div><div class=\"boxed-meta\"><div class=\"meta-categories user-meta-hidden \">\n                <div class=\"meta-cats-wrap\"><a href=\"https:\/\/police.cd\/site\/category\/police\/\">Police<\/a><\/div>\n             <\/div><\/div><\/div><\/div><\/div><div class=\"eael-post-list-post \"><div class=\"eael-post-list-post-inner\"><div class=\"eael-post-list-thumbnail \"><a href=\"https:\/\/police.cd\/site\/kwilu-en-prelude-a-la-13%e1%b5%89-conference-des-gouverneurs-le-vpm-shabani-a-preside-un-comite-provincial-de-securite-elargie\/\">\n                <img decoding=\"async\" src=\"https:\/\/police.cd\/site\/wp-content\/uploads\/2026\/03\/WhatsApp-Image-2026-03-24-at-17.52.48-1-768x511.jpeg\" alt=\"\">\n            <\/a><\/div><div class=\"eael-post-list-content\"><h2 class=\"eael-post-list-title\"><a href=\"https:\/\/police.cd\/site\/kwilu-en-prelude-a-la-13%e1%b5%89-conference-des-gouverneurs-le-vpm-shabani-a-preside-un-comite-provincial-de-securite-elargie\/\" >Kwilu : En pr\u00e9lude \u00e0 la 13\u1d49 Conf\u00e9rence des gouverneurs, le VPM Shabani a pr\u00e9sid\u00e9 un comit\u00e9 Provincial de S\u00e9curit\u00e9 \u00e9largie<\/a><\/h2><div class=\"meta\">\n                    <span><i class=\"far fa-calendar-alt\"><\/i> mars 25, 2026<\/span>\n                <\/div><div class=\"boxed-meta\"><div class=\"meta-categories user-meta-hidden \">\n                <div class=\"meta-cats-wrap\"><a href=\"https:\/\/police.cd\/site\/category\/police\/\">Police<\/a><\/div>\n             <\/div><\/div><\/div><\/div><\/div><div class=\"eael-post-list-post \"><div class=\"eael-post-list-post-inner\"><div class=\"eael-post-list-thumbnail \"><a href=\"https:\/\/police.cd\/site\/reforme-et-modernisation-de-la-pnc-la-monusco-et-lunpol-reaffirment-leur-engagement-aux-cotes-du-commissaire-general\/\">\n                <img decoding=\"async\" src=\"https:\/\/police.cd\/site\/wp-content\/uploads\/2026\/02\/WhatsApp-Image-2026-02-16-at-12.56.0-768x511.jpeg\" alt=\"\">\n            <\/a><\/div><div class=\"eael-post-list-content\"><h2 class=\"eael-post-list-title\"><a href=\"https:\/\/police.cd\/site\/reforme-et-modernisation-de-la-pnc-la-monusco-et-lunpol-reaffirment-leur-engagement-aux-cotes-du-commissaire-general\/\" >R\u00e9forme et modernisation de la PNC : la MONUSCO et l\u2019UNPOL r\u00e9affirment leur engagement aux c\u00f4t\u00e9s du Commissaire G\u00e9n\u00e9ral<\/a><\/h2><div class=\"meta\">\n                    <span><i class=\"far fa-calendar-alt\"><\/i> f\u00e9vrier 16, 2026<\/span>\n                <\/div><div class=\"boxed-meta\"><div class=\"meta-categories user-meta-hidden \">\n                <div class=\"meta-cats-wrap\"><a href=\"https:\/\/police.cd\/site\/category\/commissariat-general\/\">Commissariat G\u00e9n\u00e9ral<\/a><\/div>\n             <\/div><\/div><\/div><\/div><\/div><\/div><\/div>\n\t\t<\/div><div data-nonce=\"308eaf78c7\" class=\"post-list-pagination\" data-widget-id=\"ff54b8e\" data-widget=\"ff54b8e\" data-page-id=\"1183\" data-class=\"Essential_Addons_Elementor\\Pro\\Elements\\Post_List\" data-args=\"orderby=date&amp;order=desc&amp;ignore_sticky_posts=1&amp;post_status=publish&amp;posts_per_page=3&amp;offset=0&amp;post_type=post\" data-settings=\"eael_post_list_post_feature_image=yes&amp;eael_post_list_post_meta=yes&amp;eael_post_list_post_title=yes&amp;eael_post_list_post_excerpt=no&amp;eael_post_list_pagination=yes&amp;eael_post_list_layout_type=advanced&amp;eael_post_list_post_cat=yes&amp;eael_post_list_author_meta=&amp;eael_post_list_title_tag=h2&amp;eael_post_featured_image_size=medium_large\" data-page=\"1\" data-scroll-on-pagination=\"0\" data-scroll-offset=\"100\" data-template=\"{&quot;dir&quot;:&quot;pro&quot;,&quot;file_name&quot;:&quot;advanced.php&quot;,&quot;name&quot;:&quot;Post-List&quot;}\">\n                <button class=\"btn btn-prev-post\" id=\"post-nav-prev-ff54b8e\" disabled=\"true\"><svg aria-hidden=\"true\" class=\"e-font-icon-svg e-fas-angle-left\" viewBox=\"0 0 256 512\" xmlns=\"http:\/\/www.w3.org\/2000\/svg\"><path d=\"M31.7 239l136-136c9.4-9.4 24.6-9.4 33.9 0l22.6 22.6c9.4 9.4 9.4 24.6 0 33.9L127.9 256l96.4 96.4c9.4 9.4 9.4 24.6 0 33.9L201.7 409c-9.4 9.4-24.6 9.4-33.9 0l-136-136c-9.5-9.4-9.5-24.6-.1-34z\"><\/path><\/svg><\/button><button class=\"btn btn-next-post\" id=\"post-nav-next-ff54b8e\"><svg aria-hidden=\"true\" class=\"e-font-icon-svg e-fas-angle-right\" viewBox=\"0 0 256 512\" xmlns=\"http:\/\/www.w3.org\/2000\/svg\"><path d=\"M224.3 273l-136 136c-9.4 9.4-24.6 9.4-33.9 0l-22.6-22.6c-9.4-9.4-9.4-24.6 0-33.9l96.4-96.4-96.4-96.4c-9.4-9.4-9.4-24.6 0-33.9L54.3 103c9.4-9.4 24.6-9.4 33.9 0l136 136c9.5 9.4 9.5 24.6.1 34z\"><\/path><\/svg><\/button>\n\t\t\t<\/div>\t\t\t\t<\/div>\n\t\t\t\t<\/div>\n\t\t\t\t<\/div>\n\t\t\t\t\t<\/div>\n\t\t\t\t<\/div>\n\t\t\t\t<\/div>\n\t\t","protected":false},"excerpt":{"rendered":"<p>Les Dispositions G\u00e9n\u00e9rales La Police Nationale Congolaise est un service public, civil, accessible, \u00e0 l\u2019\u00e9coute de la population et charg\u00e9 de la s\u00e9curit\u00e9 et tranquillit\u00e9 publiques, de la s\u00e9curit\u00e9 des personnes et de leurs biens, du maintien et du r\u00e9tablissement de l\u2019ordre public ainsi que de la protection rapproch\u00e9e de hautes autorit\u00e9s. La Police Nationale [&hellip;]<\/p>\n","protected":false},"author":1,"featured_media":0,"parent":0,"menu_order":0,"comment_status":"closed","ping_status":"closed","template":"","meta":{"_acf_changed":false,"site-sidebar-layout":"no-sidebar","site-content-layout":"","ast-site-content-layout":"full-width-container","site-content-style":"default","site-sidebar-style":"default","ast-global-header-display":"","ast-banner-title-visibility":"","ast-main-header-display":"","ast-hfb-above-header-display":"","ast-hfb-below-header-display":"","ast-hfb-mobile-header-display":"","site-post-title":"disabled","ast-breadcrumbs-content":"","ast-featured-img":"disabled","footer-sml-layout":"","ast-disable-related-posts":"","theme-transparent-header-meta":"default","adv-header-id-meta":"","stick-header-meta":"","header-above-stick-meta":"","header-main-stick-meta":"","header-below-stick-meta":"","astra-migrate-meta-layouts":"set","ast-page-background-enabled":"default","ast-page-background-meta":{"desktop":{"background-color":"var(--ast-global-color-4)","background-image":"","background-repeat":"repeat","background-position":"center center","background-size":"auto","background-attachment":"scroll","background-type":"","background-media":"","overlay-type":"","overlay-color":"","overlay-opacity":"","overlay-gradient":""},"tablet":{"background-color":"","background-image":"","background-repeat":"repeat","background-position":"center center","background-size":"auto","background-attachment":"scroll","background-type":"","background-media":"","overlay-type":"","overlay-color":"","overlay-opacity":"","overlay-gradient":""},"mobile":{"background-color":"","background-image":"","background-repeat":"repeat","background-position":"center center","background-size":"auto","background-attachment":"scroll","background-type":"","background-media":"","overlay-type":"","overlay-color":"","overlay-opacity":"","overlay-gradient":""}},"ast-content-background-meta":{"desktop":{"background-color":"var(--ast-global-color-5)","background-image":"","background-repeat":"repeat","background-position":"center center","background-size":"auto","background-attachment":"scroll","background-type":"","background-media":"","overlay-type":"","overlay-color":"","overlay-opacity":"","overlay-gradient":""},"tablet":{"background-color":"var(--ast-global-color-5)","background-image":"","background-repeat":"repeat","background-position":"center center","background-size":"auto","background-attachment":"scroll","background-type":"","background-media":"","overlay-type":"","overlay-color":"","overlay-opacity":"","overlay-gradient":""},"mobile":{"background-color":"var(--ast-global-color-5)","background-image":"","background-repeat":"repeat","background-position":"center center","background-size":"auto","background-attachment":"scroll","background-type":"","background-media":"","overlay-type":"","overlay-color":"","overlay-opacity":"","overlay-gradient":""}},"footnotes":""},"class_list":["post-1183","page","type-page","status-publish","hentry"],"acf":[],"_links":{"self":[{"href":"https:\/\/police.cd\/site\/wp-json\/wp\/v2\/pages\/1183","targetHints":{"allow":["GET"]}}],"collection":[{"href":"https:\/\/police.cd\/site\/wp-json\/wp\/v2\/pages"}],"about":[{"href":"https:\/\/police.cd\/site\/wp-json\/wp\/v2\/types\/page"}],"author":[{"embeddable":true,"href":"https:\/\/police.cd\/site\/wp-json\/wp\/v2\/users\/1"}],"replies":[{"embeddable":true,"href":"https:\/\/police.cd\/site\/wp-json\/wp\/v2\/comments?post=1183"}],"version-history":[{"count":75,"href":"https:\/\/police.cd\/site\/wp-json\/wp\/v2\/pages\/1183\/revisions"}],"predecessor-version":[{"id":4053,"href":"https:\/\/police.cd\/site\/wp-json\/wp\/v2\/pages\/1183\/revisions\/4053"}],"wp:attachment":[{"href":"https:\/\/police.cd\/site\/wp-json\/wp\/v2\/media?parent=1183"}],"curies":[{"name":"wp","href":"https:\/\/api.w.org\/{rel}","templated":true}]}}