{"id":1185,"date":"2024-12-13T14:48:26","date_gmt":"2024-12-13T14:48:26","guid":{"rendered":"https:\/\/police-rdc.kinshasadigital.dev\/?page_id=1185"},"modified":"2025-04-15T05:53:16","modified_gmt":"2025-04-15T05:53:16","slug":"les-missions-de-la-police-nationale-congolaise","status":"publish","type":"page","link":"https:\/\/police.cd\/site\/les-missions-de-la-police-nationale-congolaise\/","title":{"rendered":"Les Missions de la Police Nationale Congolaise"},"content":{"rendered":"\t\t<div data-elementor-type=\"wp-page\" data-elementor-id=\"1185\" class=\"elementor elementor-1185\" data-elementor-post-type=\"page\">\n\t\t\t\t<div data-particle_enable=\"false\" data-particle-mobile-disabled=\"false\" class=\"elementor-element elementor-element-42ad9f90 e-flex e-con-boxed e-con e-parent\" data-id=\"42ad9f90\" data-element_type=\"container\" data-e-type=\"container\" data-settings=\"{&quot;background_background&quot;:&quot;classic&quot;}\">\n\t\t\t\t\t<div class=\"e-con-inner\">\n\t\t\t\t<div class=\"elementor-element elementor-element-287447b9 elementor-widget elementor-widget-heading\" data-id=\"287447b9\" data-element_type=\"widget\" data-e-type=\"widget\" data-widget_type=\"heading.default\">\n\t\t\t\t<div class=\"elementor-widget-container\">\n\t\t\t\t\t<h2 class=\"elementor-heading-title elementor-size-default\">Les Missions de la Police Nationale Congolaise<\/h2>\t\t\t\t<\/div>\n\t\t\t\t<\/div>\n\t\t\t\t\t<\/div>\n\t\t\t\t<\/div>\n\t\t<div data-particle_enable=\"false\" data-particle-mobile-disabled=\"false\" class=\"elementor-element elementor-element-6d2af47d e-flex e-con-boxed e-con e-parent\" data-id=\"6d2af47d\" data-element_type=\"container\" data-e-type=\"container\">\n\t\t\t\t\t<div class=\"e-con-inner\">\n\t\t<div data-particle_enable=\"false\" data-particle-mobile-disabled=\"false\" class=\"elementor-element elementor-element-4bffa4e8 e-con-full e-flex e-con e-child\" data-id=\"4bffa4e8\" data-element_type=\"container\" data-e-type=\"container\">\n\t\t\t\t<div class=\"elementor-element elementor-element-9558083 elementor-widget elementor-widget-text-editor\" data-id=\"9558083\" data-element_type=\"widget\" data-e-type=\"widget\" data-widget_type=\"text-editor.default\">\n\t\t\t\t<div class=\"elementor-widget-container\">\n\t\t\t\t\t\t\t\t\t<p>Les missions de la Police nationale ont un caract\u00e8re \u00e0 la fois pr\u00e9ventif et r\u00e9pressif. Elles s\u2019exercent dans le cadre de la surveillance du territoire et de la s\u00e9curisation de la population.<\/p><p>Elles se subdivisent en <strong>missions ordinaires, extraordinaires et sp\u00e9ciales<\/strong>.<\/p>\t\t\t\t\t\t\t\t<\/div>\n\t\t\t\t<\/div>\n\t\t\t\t<div class=\"elementor-element elementor-element-0b99915 elementor-widget elementor-widget-eael-adv-accordion\" data-id=\"0b99915\" data-element_type=\"widget\" data-e-type=\"widget\" data-widget_type=\"eael-adv-accordion.default\">\n\t\t\t\t<div class=\"elementor-widget-container\">\n\t\t\t\t\t            <div class=\"eael-adv-accordion\" id=\"eael-adv-accordion-0b99915\" data-scroll-on-click=\"no\" data-scroll-speed=\"300\" data-accordion-id=\"0b99915\" data-accordion-type=\"accordion\" data-toogle-speed=\"300\">\n            <div class=\"eael-accordion-list\">\n\t\t\t\t\t<div id=\"les-missions-ordinaires\" class=\"elementor-tab-title eael-accordion-header\" tabindex=\"0\" data-tab=\"1\" aria-controls=\"elementor-tab-content-1211\"><span class=\"eael-advanced-accordion-icon-closed\"><\/span><span class=\"eael-advanced-accordion-icon-opened\"><svg aria-hidden=\"true\" class=\"fa-accordion-icon e-font-icon-svg e-fas-minus\" viewBox=\"0 0 448 512\" xmlns=\"http:\/\/www.w3.org\/2000\/svg\"><path d=\"M416 208H32c-17.67 0-32 14.33-32 32v32c0 17.67 14.33 32 32 32h384c17.67 0 32-14.33 32-32v-32c0-17.67-14.33-32-32-32z\"><\/path><\/svg><\/span><span class=\"eael-accordion-tab-title\">Les Missions Ordinaires<\/span><svg aria-hidden=\"true\" class=\"fa-toggle e-font-icon-svg e-fas-angle-down\" viewBox=\"0 0 320 512\" xmlns=\"http:\/\/www.w3.org\/2000\/svg\"><path d=\"M143 352.3L7 216.3c-9.4-9.4-9.4-24.6 0-33.9l22.6-22.6c9.4-9.4 24.6-9.4 33.9 0l96.4 96.4 96.4-96.4c9.4-9.4 24.6-9.4 33.9 0l22.6 22.6c9.4 9.4 9.4 24.6 0 33.9l-136 136c-9.2 9.4-24.4 9.4-33.8 0z\"><\/path><\/svg><\/div><div id=\"elementor-tab-content-1211\" class=\"eael-accordion-content clearfix\" data-tab=\"1\" aria-labelledby=\"les-missions-ordinaires\"><p><strong>Les missions ordinaires<\/strong> s\u2019exercent dans le cadre du service normal de la police. Elles ont pour but de pr\u00e9venir les troubles \u00e0 l\u2019ordre public et les infractions, de constater celles-ci, d\u2019en rassembler les preuves, d\u2019en rechercher et d\u2019en identifier les auteurs et les d\u00e9f\u00e9rer devant l\u2019autorit\u00e9 judiciaire comp\u00e9tente.<\/p><p>Elles s\u2019op\u00e8rent quotidiennement sans qu\u2019il soit besoin d\u2019une r\u00e9quisition de la part de l\u2019autorit\u00e9.<\/p><p>Les missions ordinaires comprennent notamment\u00a0:<\/p><ol><li><strong>Les renseignements g\u00e9n\u00e9raux\u00a0;<\/strong><\/li><li><strong>La lutte contre la criminalit\u00e9\u00a0;<\/strong><\/li><li><strong>La lutte contre le terrorisme\u00a0;<\/strong><\/li><li><strong>La lutte contre les violences li\u00e9es au genre, la surveillance et la protection de l\u2019enfant\u00a0;<\/strong><\/li><li><strong>La s\u00e9curit\u00e9 routi\u00e8re des voies de communication et de transport\u00a0;<\/strong><\/li><li><strong>La surveillance physique des fronti\u00e8res\u00a0;<\/strong><\/li><li><strong>La participation au secours de la population en cas de catastrophe et de sinistre\u00a0;<\/strong><\/li><li><strong>La sauvegarde de l\u2019hygi\u00e8ne et de la salubrit\u00e9 publiques.<\/strong><\/li><\/ol><\/div>\n\t\t\t\t\t<\/div><div class=\"eael-accordion-list\">\n\t\t\t\t\t<div id=\"les-missions-extraordinaires\" class=\"elementor-tab-title eael-accordion-header\" tabindex=\"0\" data-tab=\"2\" aria-controls=\"elementor-tab-content-1212\"><span class=\"eael-advanced-accordion-icon-closed\"><\/span><span class=\"eael-advanced-accordion-icon-opened\"><svg aria-hidden=\"true\" class=\"fa-accordion-icon e-font-icon-svg e-fas-minus\" viewBox=\"0 0 448 512\" xmlns=\"http:\/\/www.w3.org\/2000\/svg\"><path d=\"M416 208H32c-17.67 0-32 14.33-32 32v32c0 17.67 14.33 32 32 32h384c17.67 0 32-14.33 32-32v-32c0-17.67-14.33-32-32-32z\"><\/path><\/svg><\/span><span class=\"eael-accordion-tab-title\">Les missions extraordinaires<\/span><svg aria-hidden=\"true\" class=\"fa-toggle e-font-icon-svg e-fas-angle-down\" viewBox=\"0 0 320 512\" xmlns=\"http:\/\/www.w3.org\/2000\/svg\"><path d=\"M143 352.3L7 216.3c-9.4-9.4-9.4-24.6 0-33.9l22.6-22.6c9.4-9.4 24.6-9.4 33.9 0l96.4 96.4 96.4-96.4c9.4-9.4 24.6-9.4 33.9 0l22.6 22.6c9.4 9.4 9.4 24.6 0 33.9l-136 136c-9.2 9.4-24.4 9.4-33.8 0z\"><\/path><\/svg><\/div><div id=\"elementor-tab-content-1212\" class=\"eael-accordion-content clearfix\" data-tab=\"2\" aria-labelledby=\"les-missions-extraordinaires\"><p><strong>Les missions extraordinaires<\/strong> sont celles dont l\u2019ex\u00e9cution n\u2019a lieu qu\u2019en vertu de la r\u00e9quisition \u00e9crite \u00e9manant de l\u2019autorit\u00e9 administrative ou de l\u2019autorit\u00e9 judiciaire.<\/p><p>A cet effet, les agents de la Police nationale sont tenus, sous peine de sanctions, de d\u00e9f\u00e9rer avec promptitude \u00e0 toute r\u00e9quisition l\u00e9gale de ces autorit\u00e9s.<\/p><\/div>\n\t\t\t\t\t<\/div><div class=\"eael-accordion-list\">\n\t\t\t\t\t<div id=\"les-missions-spciales\" class=\"elementor-tab-title eael-accordion-header\" tabindex=\"0\" data-tab=\"3\" aria-controls=\"elementor-tab-content-1213\"><span class=\"eael-advanced-accordion-icon-closed\"><\/span><span class=\"eael-advanced-accordion-icon-opened\"><svg aria-hidden=\"true\" class=\"fa-accordion-icon e-font-icon-svg e-fas-minus\" viewBox=\"0 0 448 512\" xmlns=\"http:\/\/www.w3.org\/2000\/svg\"><path d=\"M416 208H32c-17.67 0-32 14.33-32 32v32c0 17.67 14.33 32 32 32h384c17.67 0 32-14.33 32-32v-32c0-17.67-14.33-32-32-32z\"><\/path><\/svg><\/span><span class=\"eael-accordion-tab-title\">Les missions sp\u00e9ciales<\/span><svg aria-hidden=\"true\" class=\"fa-toggle e-font-icon-svg e-fas-angle-down\" viewBox=\"0 0 320 512\" xmlns=\"http:\/\/www.w3.org\/2000\/svg\"><path d=\"M143 352.3L7 216.3c-9.4-9.4-9.4-24.6 0-33.9l22.6-22.6c9.4-9.4 24.6-9.4 33.9 0l96.4 96.4 96.4-96.4c9.4-9.4 24.6-9.4 33.9 0l22.6 22.6c9.4 9.4 9.4 24.6 0 33.9l-136 136c-9.2 9.4-24.4 9.4-33.8 0z\"><\/path><\/svg><\/div><div id=\"elementor-tab-content-1213\" class=\"eael-accordion-content clearfix\" data-tab=\"3\" aria-labelledby=\"les-missions-spciales\"><p><strong>Les missions sp\u00e9ciales<\/strong> sont celles qui s\u2019ex\u00e9cutent suivant les circonstances, au titre de suppl\u00e9ance, d\u2019appui ou de concours \u00e0 d\u2019autres services y compris les missions diplomatiques et consulaires de la R\u00e9publique.<\/p><p>Dans le cadre de ces missions, des membres du personnel de la Police nationale peuvent \u00eatre d\u00e9tach\u00e9s aupr\u00e8s de ces services.<\/p><p>La Police nationale peut, le cas \u00e9ch\u00e9ant, \u00eatre appel\u00e9e \u00e0 participer aux missions internationales de maintien de la paix.<\/p><p>La Police nationale participe \u00e0 la lutte contre la fraude, la contrebande, le braconnage et le vol des substances pr\u00e9cieuses en apportant son concours aux organismes et services sp\u00e9cialis\u00e9s comp\u00e9tents en la mati\u00e8re.<\/p><p>La Police nationale veille \u00e0 la protection de l\u2019environnement et aux initiatives visant la conservation de la nature en apportant son appui et son concours aux services et organismes sp\u00e9cialis\u00e9s comp\u00e9tents en la mati\u00e8re.<\/p><p>Les conditions et modes d\u2019exercice de diff\u00e9rentes misions sont fix\u00e9s par d\u00e9cret du Premier Ministre.<\/p><\/div>\n\t\t\t\t\t<\/div><\/div>\t\t\t\t<\/div>\n\t\t\t\t<\/div>\n\t\t\t\t<\/div>\n\t\t<div data-particle_enable=\"false\" data-particle-mobile-disabled=\"false\" class=\"elementor-element elementor-element-fe3175 e-con-full e-flex e-con e-child\" data-id=\"fe3175\" data-element_type=\"container\" data-e-type=\"container\">\n\t\t\t\t<div class=\"elementor-element elementor-element-7cd7c45d elementor-widget elementor-widget-heading\" data-id=\"7cd7c45d\" data-element_type=\"widget\" data-e-type=\"widget\" data-widget_type=\"heading.default\">\n\t\t\t\t<div class=\"elementor-widget-container\">\n\t\t\t\t\t<h2 class=\"elementor-heading-title elementor-size-default\">ACTUALITES A LA UNE<\/h2>\t\t\t\t<\/div>\n\t\t\t\t<\/div>\n\t\t\t\t<div class=\"elementor-element elementor-element-07fd3d9 elementor-widget elementor-widget-eael-post-list\" data-id=\"07fd3d9\" data-element_type=\"widget\" data-e-type=\"widget\" data-widget_type=\"eael-post-list.default\">\n\t\t\t\t<div class=\"elementor-widget-container\">\n\t\t\t\t\t<div class=\"eael-post-list-container advanced layout-advanced\"><div class=\"eael-post-list-wrap\"><div class=\"eael-post-list-posts-wrap eael-post-appender eael-post-appender-07fd3d9\"><div class=\"eael-post-list-post \"><div class=\"eael-post-list-post-inner\"><div class=\"eael-post-list-thumbnail \"><a href=\"https:\/\/police.cd\/site\/lancement-officiel-de-loperation-de-salubrite-publique-salongo-special-a-kintambo-magasin\/\">\n                <img decoding=\"async\" src=\"https:\/\/police.cd\/site\/wp-content\/uploads\/2026\/04\/WhatsApp-Image-2026-04-11-at-13.31.57-768x1024.jpeg\" alt=\"\">\n            <\/a><\/div><div class=\"eael-post-list-content\"><h2 class=\"eael-post-list-title\"><a href=\"https:\/\/police.cd\/site\/lancement-officiel-de-loperation-de-salubrite-publique-salongo-special-a-kintambo-magasin\/\" >Lancement officiel de l\u2019op\u00e9ration de salubrit\u00e9 publique \u00ab Salongo Sp\u00e9cial \u00bb \u00e0 Kintambo Magasin<\/a><\/h2><div class=\"meta\">\n                    <span><i class=\"far fa-calendar-alt\"><\/i> avril 14, 2026<\/span>\n                <\/div><div class=\"boxed-meta\"><div class=\"meta-categories user-meta-hidden \">\n                <div class=\"meta-cats-wrap\"><a href=\"https:\/\/police.cd\/site\/category\/police\/\">Police<\/a><\/div>\n             <\/div><\/div><\/div><\/div><\/div><div class=\"eael-post-list-post \"><div class=\"eael-post-list-post-inner\"><div class=\"eael-post-list-thumbnail \"><a href=\"https:\/\/police.cd\/site\/kwilu-en-prelude-a-la-13%e1%b5%89-conference-des-gouverneurs-le-vpm-shabani-a-preside-un-comite-provincial-de-securite-elargie\/\">\n                <img decoding=\"async\" src=\"https:\/\/police.cd\/site\/wp-content\/uploads\/2026\/03\/WhatsApp-Image-2026-03-24-at-17.52.48-1-768x511.jpeg\" alt=\"\">\n            <\/a><\/div><div class=\"eael-post-list-content\"><h2 class=\"eael-post-list-title\"><a href=\"https:\/\/police.cd\/site\/kwilu-en-prelude-a-la-13%e1%b5%89-conference-des-gouverneurs-le-vpm-shabani-a-preside-un-comite-provincial-de-securite-elargie\/\" >Kwilu : En pr\u00e9lude \u00e0 la 13\u1d49 Conf\u00e9rence des gouverneurs, le VPM Shabani a pr\u00e9sid\u00e9 un comit\u00e9 Provincial de S\u00e9curit\u00e9 \u00e9largie<\/a><\/h2><div class=\"meta\">\n                    <span><i class=\"far fa-calendar-alt\"><\/i> mars 25, 2026<\/span>\n                <\/div><div class=\"boxed-meta\"><div class=\"meta-categories user-meta-hidden \">\n                <div class=\"meta-cats-wrap\"><a href=\"https:\/\/police.cd\/site\/category\/police\/\">Police<\/a><\/div>\n             <\/div><\/div><\/div><\/div><\/div><div class=\"eael-post-list-post \"><div class=\"eael-post-list-post-inner\"><div class=\"eael-post-list-thumbnail \"><a href=\"https:\/\/police.cd\/site\/reforme-et-modernisation-de-la-pnc-la-monusco-et-lunpol-reaffirment-leur-engagement-aux-cotes-du-commissaire-general\/\">\n                <img decoding=\"async\" src=\"https:\/\/police.cd\/site\/wp-content\/uploads\/2026\/02\/WhatsApp-Image-2026-02-16-at-12.56.0-768x511.jpeg\" alt=\"\">\n            <\/a><\/div><div class=\"eael-post-list-content\"><h2 class=\"eael-post-list-title\"><a href=\"https:\/\/police.cd\/site\/reforme-et-modernisation-de-la-pnc-la-monusco-et-lunpol-reaffirment-leur-engagement-aux-cotes-du-commissaire-general\/\" >R\u00e9forme et modernisation de la PNC : la MONUSCO et l\u2019UNPOL r\u00e9affirment leur engagement aux c\u00f4t\u00e9s du Commissaire G\u00e9n\u00e9ral<\/a><\/h2><div class=\"meta\">\n                    <span><i class=\"far fa-calendar-alt\"><\/i> f\u00e9vrier 16, 2026<\/span>\n                <\/div><div class=\"boxed-meta\"><div class=\"meta-categories user-meta-hidden \">\n                <div class=\"meta-cats-wrap\"><a href=\"https:\/\/police.cd\/site\/category\/commissariat-general\/\">Commissariat G\u00e9n\u00e9ral<\/a><\/div>\n             <\/div><\/div><\/div><\/div><\/div><\/div><\/div>\n\t\t<\/div><div data-nonce=\"308eaf78c7\" class=\"post-list-pagination\" data-widget-id=\"07fd3d9\" data-widget=\"07fd3d9\" data-page-id=\"1185\" data-class=\"Essential_Addons_Elementor\\Pro\\Elements\\Post_List\" data-args=\"orderby=date&amp;order=desc&amp;ignore_sticky_posts=1&amp;post_status=publish&amp;posts_per_page=3&amp;offset=0&amp;post_type=post\" data-settings=\"eael_post_list_post_feature_image=yes&amp;eael_post_list_post_meta=yes&amp;eael_post_list_post_title=yes&amp;eael_post_list_post_excerpt=no&amp;eael_post_list_pagination=yes&amp;eael_post_list_layout_type=advanced&amp;eael_post_list_post_cat=yes&amp;eael_post_list_author_meta=&amp;eael_post_list_title_tag=h2&amp;eael_post_featured_image_size=medium_large\" data-page=\"1\" data-scroll-on-pagination=\"0\" data-scroll-offset=\"100\" data-template=\"{&quot;dir&quot;:&quot;pro&quot;,&quot;file_name&quot;:&quot;advanced.php&quot;,&quot;name&quot;:&quot;Post-List&quot;}\">\n                <button class=\"btn btn-prev-post\" id=\"post-nav-prev-07fd3d9\" disabled=\"true\"><svg aria-hidden=\"true\" class=\"e-font-icon-svg e-fas-angle-left\" viewBox=\"0 0 256 512\" xmlns=\"http:\/\/www.w3.org\/2000\/svg\"><path d=\"M31.7 239l136-136c9.4-9.4 24.6-9.4 33.9 0l22.6 22.6c9.4 9.4 9.4 24.6 0 33.9L127.9 256l96.4 96.4c9.4 9.4 9.4 24.6 0 33.9L201.7 409c-9.4 9.4-24.6 9.4-33.9 0l-136-136c-9.5-9.4-9.5-24.6-.1-34z\"><\/path><\/svg><\/button><button class=\"btn btn-next-post\" id=\"post-nav-next-07fd3d9\"><svg aria-hidden=\"true\" class=\"e-font-icon-svg e-fas-angle-right\" viewBox=\"0 0 256 512\" xmlns=\"http:\/\/www.w3.org\/2000\/svg\"><path d=\"M224.3 273l-136 136c-9.4 9.4-24.6 9.4-33.9 0l-22.6-22.6c-9.4-9.4-9.4-24.6 0-33.9l96.4-96.4-96.4-96.4c-9.4-9.4-9.4-24.6 0-33.9L54.3 103c9.4-9.4 24.6-9.4 33.9 0l136 136c9.5 9.4 9.5 24.6.1 34z\"><\/path><\/svg><\/button>\n\t\t\t<\/div>\t\t\t\t<\/div>\n\t\t\t\t<\/div>\n\t\t\t\t<\/div>\n\t\t\t\t\t<\/div>\n\t\t\t\t<\/div>\n\t\t\t\t<\/div>\n\t\t","protected":false},"excerpt":{"rendered":"<p>Les Missions de la Police Nationale Congolaise Les missions de la Police nationale ont un caract\u00e8re \u00e0 la fois pr\u00e9ventif et r\u00e9pressif. Elles s\u2019exercent dans le cadre de la surveillance du territoire et de la s\u00e9curisation de la population. Elles se subdivisent en missions ordinaires, extraordinaires et sp\u00e9ciales. Les Missions Ordinaires Les missions ordinaires s\u2019exercent [&hellip;]<\/p>\n","protected":false},"author":1,"featured_media":0,"parent":0,"menu_order":0,"comment_status":"closed","ping_status":"closed","template":"","meta":{"_acf_changed":false,"site-sidebar-layout":"no-sidebar","site-content-layout":"","ast-site-content-layout":"full-width-container","site-content-style":"default","site-sidebar-style":"default","ast-global-header-display":"","ast-banner-title-visibility":"","ast-main-header-display":"","ast-hfb-above-header-display":"","ast-hfb-below-header-display":"","ast-hfb-mobile-header-display":"","site-post-title":"disabled","ast-breadcrumbs-content":"","ast-featured-img":"disabled","footer-sml-layout":"","ast-disable-related-posts":"","theme-transparent-header-meta":"","adv-header-id-meta":"","stick-header-meta":"","header-above-stick-meta":"","header-main-stick-meta":"","header-below-stick-meta":"","astra-migrate-meta-layouts":"default","ast-page-background-enabled":"default","ast-page-background-meta":{"desktop":{"background-color":"var(--ast-global-color-4)","background-image":"","background-repeat":"repeat","background-position":"center center","background-size":"auto","background-attachment":"scroll","background-type":"","background-media":"","overlay-type":"","overlay-color":"","overlay-opacity":"","overlay-gradient":""},"tablet":{"background-color":"","background-image":"","background-repeat":"repeat","background-position":"center center","background-size":"auto","background-attachment":"scroll","background-type":"","background-media":"","overlay-type":"","overlay-color":"","overlay-opacity":"","overlay-gradient":""},"mobile":{"background-color":"","background-image":"","background-repeat":"repeat","background-position":"center center","background-size":"auto","background-attachment":"scroll","background-type":"","background-media":"","overlay-type":"","overlay-color":"","overlay-opacity":"","overlay-gradient":""}},"ast-content-background-meta":{"desktop":{"background-color":"var(--ast-global-color-5)","background-image":"","background-repeat":"repeat","background-position":"center center","background-size":"auto","background-attachment":"scroll","background-type":"","background-media":"","overlay-type":"","overlay-color":"","overlay-opacity":"","overlay-gradient":""},"tablet":{"background-color":"var(--ast-global-color-5)","background-image":"","background-repeat":"repeat","background-position":"center center","background-size":"auto","background-attachment":"scroll","background-type":"","background-media":"","overlay-type":"","overlay-color":"","overlay-opacity":"","overlay-gradient":""},"mobile":{"background-color":"var(--ast-global-color-5)","background-image":"","background-repeat":"repeat","background-position":"center center","background-size":"auto","background-attachment":"scroll","background-type":"","background-media":"","overlay-type":"","overlay-color":"","overlay-opacity":"","overlay-gradient":""}},"footnotes":""},"class_list":["post-1185","page","type-page","status-publish","hentry"],"acf":[],"_links":{"self":[{"href":"https:\/\/police.cd\/site\/wp-json\/wp\/v2\/pages\/1185","targetHints":{"allow":["GET"]}}],"collection":[{"href":"https:\/\/police.cd\/site\/wp-json\/wp\/v2\/pages"}],"about":[{"href":"https:\/\/police.cd\/site\/wp-json\/wp\/v2\/types\/page"}],"author":[{"embeddable":true,"href":"https:\/\/police.cd\/site\/wp-json\/wp\/v2\/users\/1"}],"replies":[{"embeddable":true,"href":"https:\/\/police.cd\/site\/wp-json\/wp\/v2\/comments?post=1185"}],"version-history":[{"count":91,"href":"https:\/\/police.cd\/site\/wp-json\/wp\/v2\/pages\/1185\/revisions"}],"predecessor-version":[{"id":3717,"href":"https:\/\/police.cd\/site\/wp-json\/wp\/v2\/pages\/1185\/revisions\/3717"}],"wp:attachment":[{"href":"https:\/\/police.cd\/site\/wp-json\/wp\/v2\/media?parent=1185"}],"curies":[{"name":"wp","href":"https:\/\/api.w.org\/{rel}","templated":true}]}}