{"id":1191,"date":"2024-12-13T14:49:47","date_gmt":"2024-12-13T14:49:47","guid":{"rendered":"https:\/\/police-rdc.kinshasadigital.dev\/?page_id=1191"},"modified":"2025-04-15T05:51:43","modified_gmt":"2025-04-15T05:51:43","slug":"fonctionnement-de-la-police","status":"publish","type":"page","link":"https:\/\/police.cd\/site\/fonctionnement-de-la-police\/","title":{"rendered":"Fonctionnement de la Police"},"content":{"rendered":"\t\t<div data-elementor-type=\"wp-page\" data-elementor-id=\"1191\" class=\"elementor elementor-1191\" data-elementor-post-type=\"page\">\n\t\t\t\t<div data-particle_enable=\"false\" data-particle-mobile-disabled=\"false\" class=\"elementor-element elementor-element-76a31c86 e-flex e-con-boxed e-con e-parent\" data-id=\"76a31c86\" data-element_type=\"container\" data-e-type=\"container\" data-settings=\"{&quot;background_background&quot;:&quot;classic&quot;}\">\n\t\t\t\t\t<div class=\"e-con-inner\">\n\t\t\t\t<div class=\"elementor-element elementor-element-e42aceb elementor-widget elementor-widget-heading\" data-id=\"e42aceb\" data-element_type=\"widget\" data-e-type=\"widget\" data-widget_type=\"heading.default\">\n\t\t\t\t<div class=\"elementor-widget-container\">\n\t\t\t\t\t<h2 class=\"elementor-heading-title elementor-size-default\">Fonctionnement de la Police<\/h2>\t\t\t\t<\/div>\n\t\t\t\t<\/div>\n\t\t\t\t\t<\/div>\n\t\t\t\t<\/div>\n\t\t<div data-particle_enable=\"false\" data-particle-mobile-disabled=\"false\" class=\"elementor-element elementor-element-82f9d2e e-flex e-con-boxed e-con e-parent\" data-id=\"82f9d2e\" data-element_type=\"container\" data-e-type=\"container\">\n\t\t\t\t\t<div class=\"e-con-inner\">\n\t\t<div data-particle_enable=\"false\" data-particle-mobile-disabled=\"false\" class=\"elementor-element elementor-element-6f2a7097 e-con-full e-flex e-con e-child\" data-id=\"6f2a7097\" data-element_type=\"container\" data-e-type=\"container\">\n\t\t\t\t<div class=\"elementor-element elementor-element-5473553 elementor-widget elementor-widget-text-editor\" data-id=\"5473553\" data-element_type=\"widget\" data-e-type=\"widget\" data-widget_type=\"text-editor.default\">\n\t\t\t\t<div class=\"elementor-widget-container\">\n\t\t\t\t\t\t\t\t\t<p><strong>L\u2019action des autorit\u00e9s<\/strong> administratives responsables du maintien et du r\u00e9tablissement de l\u2019ordre public <strong>s\u2019exerce<\/strong> \u00e0 l\u2019\u00e9gard de la Police nationale <strong>par voie de r\u00e9quisition.<\/strong><\/p><p>Sauf urgence ou cas de force majeure, <strong>toute r\u00e9quisition doit \u00eatre \u00e9crite<\/strong>. Elle mentionne la disposition l\u00e9gale en vertu de laquelle elle est faite, en indique l\u2019objet, est dat\u00e9e et porte les noms et qualit\u00e9 ainsi que la signature de l\u2019autorit\u00e9 comp\u00e9tente.<\/p><p>Toutefois, la r\u00e9quisition verbale faite en cas d\u2019urgence ou de force majeure doit \u00eatre confirm\u00e9e par \u00e9crit dans les vingt-quatre heures.<\/p><p><strong>Les modalit\u00e9s d\u2019application du pr\u00e9sent article sot fix\u00e9es par d\u00e9cret du Premier Ministre<\/strong> d\u00e9lib\u00e9r\u00e9e en Conseil des Ministres sur proposition du Ministre ayant les affaires int\u00e9rieures dans ses attributions.<\/p><p>Sous r\u00e9serve des dispositions l\u00e9gales particuli\u00e8res, les membres de la Police nationale sont plac\u00e9s pour l\u2019ex\u00e9cution du service sous l\u2019autorit\u00e9 exclusive de leurs sup\u00e9rieures hi\u00e9rarchiques.<\/p><p>Lorsque les agents de la Police nationale agissent en tant qu\u2019officiers ou agents de police judiciaire, ils ont qualit\u00e9 d\u2019auxiliaires de justice et sont soumis \u00e0 l\u2019autorit\u00e9 du Minist\u00e8re Public.<\/p><p>Les agents de la Police nationale de <strong>cat\u00e9gorie A jusqu\u2019\u00e0 la cat\u00e9gorie C<\/strong> ont qualit\u00e9 <strong>d\u2019Officier de Police Judiciaire \u00e0 comp\u00e9tence g\u00e9n\u00e9rale<\/strong>. Tous les autres sont agents de Police Judiciaire. Ils sont tous soumis aux conditions l\u00e9gales fix\u00e9es pour l\u2019exercice de fonction d\u2019officier ou d\u2019agent de Police Judiciaire.<\/p><p>Des officiers et agents de la Police nationale sont d\u00e9tach\u00e9s aupr\u00e8s des juridictions et offices des parquets civils et militaires pour l\u2019ex\u00e9cutions des missions \u00e0 caract\u00e8re judiciaire.<\/p><p><strong>La Police nationale appr\u00e9hende tout militaire qui est en infraction.<\/strong><\/p><p>Sur avis de recherche, elle poursuit tout militaire d\u00e9serteur ou irr\u00e9guli\u00e8rement absent de son Unit\u00e9\u00a0; elle prend \u00e0 son \u00e9gard les mesures prescrites par la loi et les r\u00e8glements de la R\u00e9publique.<\/p><p>Dans tous les cas, elle en informe le commandant de l\u2019Unit\u00e9 \u00e0 laquelle appartient le militaire concern\u00e9.<\/p><p>A la demande du Gouvernement, la Police nationale collabore aux mesures prises pour assure la mobilisation au profit des Forces arm\u00e9es.<\/p><p>Lorsque des Unit\u00e9s des Forces Arm\u00e9es sont appel\u00e9es \u00e0 intervenir avec la Police nationale pour donner force \u00e0 la loi, hormis les situations d\u2019\u00e9tat de si\u00e8ge, la direction des op\u00e9rations de r\u00e9tablissement de l\u2019ordre public revient au Commandant des Unit\u00e9s de la Police nationale.<\/p><p>Toutefois, lorsque les \u00e9v\u00e9nements prennent l\u2019ampleur d\u2019une insurrection arm\u00e9e, la Police se retire au profit des Forces arm\u00e9es.<\/p><p>Les conditions et modalit\u00e9s de ce retrait sont fix\u00e9es par d\u00e9cret du Premier Ministre d\u00e9lib\u00e9r\u00e9e en Conseil des Ministres sur proposition du Ministre ayant les affaires int\u00e9rieures dans ses attributions.<\/p>\t\t\t\t\t\t\t\t<\/div>\n\t\t\t\t<\/div>\n\t\t\t\t<\/div>\n\t\t<div data-particle_enable=\"false\" data-particle-mobile-disabled=\"false\" class=\"elementor-element elementor-element-1a125fae e-con-full e-flex e-con e-child\" data-id=\"1a125fae\" data-element_type=\"container\" data-e-type=\"container\">\n\t\t\t\t<div class=\"elementor-element elementor-element-afa4e56 elementor-widget elementor-widget-heading\" data-id=\"afa4e56\" data-element_type=\"widget\" data-e-type=\"widget\" data-widget_type=\"heading.default\">\n\t\t\t\t<div class=\"elementor-widget-container\">\n\t\t\t\t\t<h2 class=\"elementor-heading-title elementor-size-default\">ACTUALITES A LA UNE<\/h2>\t\t\t\t<\/div>\n\t\t\t\t<\/div>\n\t\t\t\t<div class=\"elementor-element elementor-element-90ee3d8 elementor-widget elementor-widget-eael-post-list\" data-id=\"90ee3d8\" data-element_type=\"widget\" data-e-type=\"widget\" data-widget_type=\"eael-post-list.default\">\n\t\t\t\t<div class=\"elementor-widget-container\">\n\t\t\t\t\t<div class=\"eael-post-list-container advanced layout-advanced\"><div class=\"eael-post-list-wrap\"><div class=\"eael-post-list-posts-wrap eael-post-appender eael-post-appender-90ee3d8\"><div class=\"eael-post-list-post \"><div class=\"eael-post-list-post-inner\"><div class=\"eael-post-list-thumbnail \"><a href=\"https:\/\/police.cd\/site\/lancement-officiel-de-loperation-de-salubrite-publique-salongo-special-a-kintambo-magasin\/\">\n                <img decoding=\"async\" src=\"https:\/\/police.cd\/site\/wp-content\/uploads\/2026\/04\/WhatsApp-Image-2026-04-11-at-13.31.57-768x1024.jpeg\" alt=\"\">\n            <\/a><\/div><div class=\"eael-post-list-content\"><h2 class=\"eael-post-list-title\"><a href=\"https:\/\/police.cd\/site\/lancement-officiel-de-loperation-de-salubrite-publique-salongo-special-a-kintambo-magasin\/\" >Lancement officiel de l\u2019op\u00e9ration de salubrit\u00e9 publique \u00ab Salongo Sp\u00e9cial \u00bb \u00e0 Kintambo Magasin<\/a><\/h2><div class=\"meta\">\n                    <span><i class=\"far fa-calendar-alt\"><\/i> avril 14, 2026<\/span>\n                <\/div><div class=\"boxed-meta\"><div class=\"meta-categories user-meta-hidden \">\n                <div class=\"meta-cats-wrap\"><a href=\"https:\/\/police.cd\/site\/category\/police\/\">Police<\/a><\/div>\n             <\/div><\/div><\/div><\/div><\/div><div class=\"eael-post-list-post \"><div class=\"eael-post-list-post-inner\"><div class=\"eael-post-list-thumbnail \"><a href=\"https:\/\/police.cd\/site\/kwilu-en-prelude-a-la-13%e1%b5%89-conference-des-gouverneurs-le-vpm-shabani-a-preside-un-comite-provincial-de-securite-elargie\/\">\n                <img decoding=\"async\" src=\"https:\/\/police.cd\/site\/wp-content\/uploads\/2026\/03\/WhatsApp-Image-2026-03-24-at-17.52.48-1-768x511.jpeg\" alt=\"\">\n            <\/a><\/div><div class=\"eael-post-list-content\"><h2 class=\"eael-post-list-title\"><a href=\"https:\/\/police.cd\/site\/kwilu-en-prelude-a-la-13%e1%b5%89-conference-des-gouverneurs-le-vpm-shabani-a-preside-un-comite-provincial-de-securite-elargie\/\" >Kwilu : En pr\u00e9lude \u00e0 la 13\u1d49 Conf\u00e9rence des gouverneurs, le VPM Shabani a pr\u00e9sid\u00e9 un comit\u00e9 Provincial de S\u00e9curit\u00e9 \u00e9largie<\/a><\/h2><div class=\"meta\">\n                    <span><i class=\"far fa-calendar-alt\"><\/i> mars 25, 2026<\/span>\n                <\/div><div class=\"boxed-meta\"><div class=\"meta-categories user-meta-hidden \">\n                <div class=\"meta-cats-wrap\"><a href=\"https:\/\/police.cd\/site\/category\/police\/\">Police<\/a><\/div>\n             <\/div><\/div><\/div><\/div><\/div><div class=\"eael-post-list-post \"><div class=\"eael-post-list-post-inner\"><div class=\"eael-post-list-thumbnail \"><a href=\"https:\/\/police.cd\/site\/reforme-et-modernisation-de-la-pnc-la-monusco-et-lunpol-reaffirment-leur-engagement-aux-cotes-du-commissaire-general\/\">\n                <img decoding=\"async\" src=\"https:\/\/police.cd\/site\/wp-content\/uploads\/2026\/02\/WhatsApp-Image-2026-02-16-at-12.56.0-768x511.jpeg\" alt=\"\">\n            <\/a><\/div><div class=\"eael-post-list-content\"><h2 class=\"eael-post-list-title\"><a href=\"https:\/\/police.cd\/site\/reforme-et-modernisation-de-la-pnc-la-monusco-et-lunpol-reaffirment-leur-engagement-aux-cotes-du-commissaire-general\/\" >R\u00e9forme et modernisation de la PNC : la MONUSCO et l\u2019UNPOL r\u00e9affirment leur engagement aux c\u00f4t\u00e9s du Commissaire G\u00e9n\u00e9ral<\/a><\/h2><div class=\"meta\">\n                    <span><i class=\"far fa-calendar-alt\"><\/i> f\u00e9vrier 16, 2026<\/span>\n                <\/div><div class=\"boxed-meta\"><div class=\"meta-categories user-meta-hidden \">\n                <div class=\"meta-cats-wrap\"><a href=\"https:\/\/police.cd\/site\/category\/commissariat-general\/\">Commissariat G\u00e9n\u00e9ral<\/a><\/div>\n             <\/div><\/div><\/div><\/div><\/div><\/div><\/div>\n\t\t<\/div><div data-nonce=\"308eaf78c7\" class=\"post-list-pagination\" data-widget-id=\"90ee3d8\" data-widget=\"90ee3d8\" data-page-id=\"1191\" data-class=\"Essential_Addons_Elementor\\Pro\\Elements\\Post_List\" data-args=\"orderby=date&amp;order=desc&amp;ignore_sticky_posts=1&amp;post_status=publish&amp;posts_per_page=3&amp;offset=0&amp;post_type=post\" data-settings=\"eael_post_list_post_feature_image=yes&amp;eael_post_list_post_meta=yes&amp;eael_post_list_post_title=yes&amp;eael_post_list_post_excerpt=no&amp;eael_post_list_pagination=yes&amp;eael_post_list_layout_type=advanced&amp;eael_post_list_post_cat=yes&amp;eael_post_list_author_meta=&amp;eael_post_list_title_tag=h2&amp;eael_post_featured_image_size=medium_large\" data-page=\"1\" data-scroll-on-pagination=\"0\" data-scroll-offset=\"100\" data-template=\"{&quot;dir&quot;:&quot;pro&quot;,&quot;file_name&quot;:&quot;advanced.php&quot;,&quot;name&quot;:&quot;Post-List&quot;}\">\n                <button class=\"btn btn-prev-post\" id=\"post-nav-prev-90ee3d8\" disabled=\"true\"><svg aria-hidden=\"true\" class=\"e-font-icon-svg e-fas-angle-left\" viewBox=\"0 0 256 512\" xmlns=\"http:\/\/www.w3.org\/2000\/svg\"><path d=\"M31.7 239l136-136c9.4-9.4 24.6-9.4 33.9 0l22.6 22.6c9.4 9.4 9.4 24.6 0 33.9L127.9 256l96.4 96.4c9.4 9.4 9.4 24.6 0 33.9L201.7 409c-9.4 9.4-24.6 9.4-33.9 0l-136-136c-9.5-9.4-9.5-24.6-.1-34z\"><\/path><\/svg><\/button><button class=\"btn btn-next-post\" id=\"post-nav-next-90ee3d8\"><svg aria-hidden=\"true\" class=\"e-font-icon-svg e-fas-angle-right\" viewBox=\"0 0 256 512\" xmlns=\"http:\/\/www.w3.org\/2000\/svg\"><path d=\"M224.3 273l-136 136c-9.4 9.4-24.6 9.4-33.9 0l-22.6-22.6c-9.4-9.4-9.4-24.6 0-33.9l96.4-96.4-96.4-96.4c-9.4-9.4-9.4-24.6 0-33.9L54.3 103c9.4-9.4 24.6-9.4 33.9 0l136 136c9.5 9.4 9.5 24.6.1 34z\"><\/path><\/svg><\/button>\n\t\t\t<\/div>\t\t\t\t<\/div>\n\t\t\t\t<\/div>\n\t\t\t\t<\/div>\n\t\t\t\t\t<\/div>\n\t\t\t\t<\/div>\n\t\t\t\t<\/div>\n\t\t","protected":false},"excerpt":{"rendered":"<p>Fonctionnement de la Police L\u2019action des autorit\u00e9s administratives responsables du maintien et du r\u00e9tablissement de l\u2019ordre public s\u2019exerce \u00e0 l\u2019\u00e9gard de la Police nationale par voie de r\u00e9quisition. Sauf urgence ou cas de force majeure, toute r\u00e9quisition doit \u00eatre \u00e9crite. Elle mentionne la disposition l\u00e9gale en vertu de laquelle elle est faite, en indique l\u2019objet, [&hellip;]<\/p>\n","protected":false},"author":1,"featured_media":0,"parent":0,"menu_order":0,"comment_status":"closed","ping_status":"closed","template":"","meta":{"_acf_changed":false,"site-sidebar-layout":"no-sidebar","site-content-layout":"","ast-site-content-layout":"full-width-container","site-content-style":"default","site-sidebar-style":"default","ast-global-header-display":"","ast-banner-title-visibility":"","ast-main-header-display":"","ast-hfb-above-header-display":"","ast-hfb-below-header-display":"","ast-hfb-mobile-header-display":"","site-post-title":"disabled","ast-breadcrumbs-content":"","ast-featured-img":"disabled","footer-sml-layout":"","ast-disable-related-posts":"","theme-transparent-header-meta":"","adv-header-id-meta":"","stick-header-meta":"","header-above-stick-meta":"","header-main-stick-meta":"","header-below-stick-meta":"","astra-migrate-meta-layouts":"default","ast-page-background-enabled":"default","ast-page-background-meta":{"desktop":{"background-color":"var(--ast-global-color-4)","background-image":"","background-repeat":"repeat","background-position":"center center","background-size":"auto","background-attachment":"scroll","background-type":"","background-media":"","overlay-type":"","overlay-color":"","overlay-opacity":"","overlay-gradient":""},"tablet":{"background-color":"","background-image":"","background-repeat":"repeat","background-position":"center center","background-size":"auto","background-attachment":"scroll","background-type":"","background-media":"","overlay-type":"","overlay-color":"","overlay-opacity":"","overlay-gradient":""},"mobile":{"background-color":"","background-image":"","background-repeat":"repeat","background-position":"center center","background-size":"auto","background-attachment":"scroll","background-type":"","background-media":"","overlay-type":"","overlay-color":"","overlay-opacity":"","overlay-gradient":""}},"ast-content-background-meta":{"desktop":{"background-color":"var(--ast-global-color-5)","background-image":"","background-repeat":"repeat","background-position":"center center","background-size":"auto","background-attachment":"scroll","background-type":"","background-media":"","overlay-type":"","overlay-color":"","overlay-opacity":"","overlay-gradient":""},"tablet":{"background-color":"var(--ast-global-color-5)","background-image":"","background-repeat":"repeat","background-position":"center center","background-size":"auto","background-attachment":"scroll","background-type":"","background-media":"","overlay-type":"","overlay-color":"","overlay-opacity":"","overlay-gradient":""},"mobile":{"background-color":"var(--ast-global-color-5)","background-image":"","background-repeat":"repeat","background-position":"center center","background-size":"auto","background-attachment":"scroll","background-type":"","background-media":"","overlay-type":"","overlay-color":"","overlay-opacity":"","overlay-gradient":""}},"footnotes":""},"class_list":["post-1191","page","type-page","status-publish","hentry"],"acf":[],"_links":{"self":[{"href":"https:\/\/police.cd\/site\/wp-json\/wp\/v2\/pages\/1191","targetHints":{"allow":["GET"]}}],"collection":[{"href":"https:\/\/police.cd\/site\/wp-json\/wp\/v2\/pages"}],"about":[{"href":"https:\/\/police.cd\/site\/wp-json\/wp\/v2\/types\/page"}],"author":[{"embeddable":true,"href":"https:\/\/police.cd\/site\/wp-json\/wp\/v2\/users\/1"}],"replies":[{"embeddable":true,"href":"https:\/\/police.cd\/site\/wp-json\/wp\/v2\/comments?post=1191"}],"version-history":[{"count":16,"href":"https:\/\/police.cd\/site\/wp-json\/wp\/v2\/pages\/1191\/revisions"}],"predecessor-version":[{"id":3696,"href":"https:\/\/police.cd\/site\/wp-json\/wp\/v2\/pages\/1191\/revisions\/3696"}],"wp:attachment":[{"href":"https:\/\/police.cd\/site\/wp-json\/wp\/v2\/media?parent=1191"}],"curies":[{"name":"wp","href":"https:\/\/api.w.org\/{rel}","templated":true}]}}