{"id":1193,"date":"2024-12-13T14:50:01","date_gmt":"2024-12-13T14:50:01","guid":{"rendered":"https:\/\/police-rdc.kinshasadigital.dev\/?page_id=1193"},"modified":"2025-04-15T05:53:06","modified_gmt":"2025-04-15T05:53:06","slug":"les-equipements","status":"publish","type":"page","link":"https:\/\/police.cd\/site\/les-equipements\/","title":{"rendered":"Les Equipements"},"content":{"rendered":"\t\t<div data-elementor-type=\"wp-page\" data-elementor-id=\"1193\" class=\"elementor elementor-1193\" data-elementor-post-type=\"page\">\n\t\t\t\t<div data-particle_enable=\"false\" data-particle-mobile-disabled=\"false\" class=\"elementor-element elementor-element-24aa40b0 e-flex e-con-boxed e-con e-parent\" data-id=\"24aa40b0\" data-element_type=\"container\" data-e-type=\"container\" data-settings=\"{&quot;background_background&quot;:&quot;classic&quot;}\">\n\t\t\t\t\t<div class=\"e-con-inner\">\n\t\t\t\t<div class=\"elementor-element elementor-element-3ff462f0 elementor-widget elementor-widget-heading\" data-id=\"3ff462f0\" data-element_type=\"widget\" data-e-type=\"widget\" data-widget_type=\"heading.default\">\n\t\t\t\t<div class=\"elementor-widget-container\">\n\t\t\t\t\t<h2 class=\"elementor-heading-title elementor-size-default\">Les Equipements<\/h2>\t\t\t\t<\/div>\n\t\t\t\t<\/div>\n\t\t\t\t\t<\/div>\n\t\t\t\t<\/div>\n\t\t<div data-particle_enable=\"false\" data-particle-mobile-disabled=\"false\" class=\"elementor-element elementor-element-60ad5ce9 e-flex e-con-boxed e-con e-parent\" data-id=\"60ad5ce9\" data-element_type=\"container\" data-e-type=\"container\">\n\t\t\t\t\t<div class=\"e-con-inner\">\n\t\t<div data-particle_enable=\"false\" data-particle-mobile-disabled=\"false\" class=\"elementor-element elementor-element-a5f3475 e-con-full e-flex e-con e-child\" data-id=\"a5f3475\" data-element_type=\"container\" data-e-type=\"container\">\n\t\t\t\t<div class=\"elementor-element elementor-element-088f8dc elementor-widget elementor-widget-text-editor\" data-id=\"088f8dc\" data-element_type=\"widget\" data-e-type=\"widget\" data-widget_type=\"text-editor.default\">\n\t\t\t\t<div class=\"elementor-widget-container\">\n\t\t\t\t\t\t\t\t\t<p><strong>Les \u00e9quipements s\u2019entendent de l\u2019ensemble des moyens mat\u00e9riels mis \u00e0 la disposition de la Police nationale \u00e0 l\u2019effet d\u2019accomplir ses missions.<\/strong><\/p><p>Ils sont d\u00e9termin\u00e9s par d\u00e9cret du Premier Ministre d\u00e9lib\u00e9r\u00e9 en Conseil des Ministres.<\/p><p>L\u2019Etat met \u00e0 la disposition de la Police nationale les biens meubles et immeubles n\u00e9cessaires \u00e0 son fonctionnement.<\/p><p><strong>La Police nationale adopte pour son armement un \u00e9quipement pour le maintien et le r\u00e9tablissement de l\u2019ordre public.<\/strong><\/p><p>Les conditions de port, de d\u00e9tention individuelle ou collective, de l\u2019usage et de la conservation des \u00e9quipements par les \u00e9l\u00e9ments de la Police sont d\u00e9termin\u00e9es par d\u00e9cret du Premier Ministre d\u00e9lib\u00e9r\u00e9 en Conseil des Ministres sur proposition du Ministre ayant dans ses attributions les affaires int\u00e9rieures.<\/p><p>La composition, le mod\u00e8le des uniformes, tenues, insignes et accessoires ainsi que les modalit\u00e9s de leur acquisition, distribution, renouvellement ou port sont fix\u00e9s par d\u00e9cret du Premier Ministre d\u00e9lib\u00e9r\u00e9 en Conseil des Ministres.<\/p>\t\t\t\t\t\t\t\t<\/div>\n\t\t\t\t<\/div>\n\t\t\t\t<\/div>\n\t\t<div data-particle_enable=\"false\" data-particle-mobile-disabled=\"false\" class=\"elementor-element elementor-element-43205c2d e-con-full e-flex e-con e-child\" data-id=\"43205c2d\" data-element_type=\"container\" data-e-type=\"container\">\n\t\t\t\t<div class=\"elementor-element elementor-element-4d8d1443 elementor-widget elementor-widget-heading\" data-id=\"4d8d1443\" data-element_type=\"widget\" data-e-type=\"widget\" data-widget_type=\"heading.default\">\n\t\t\t\t<div class=\"elementor-widget-container\">\n\t\t\t\t\t<h2 class=\"elementor-heading-title elementor-size-default\">ACTUALITES A LA UNE<\/h2>\t\t\t\t<\/div>\n\t\t\t\t<\/div>\n\t\t\t\t<div class=\"elementor-element elementor-element-c43f487 elementor-widget elementor-widget-eael-post-list\" data-id=\"c43f487\" data-element_type=\"widget\" data-e-type=\"widget\" data-widget_type=\"eael-post-list.default\">\n\t\t\t\t<div class=\"elementor-widget-container\">\n\t\t\t\t\t<div class=\"eael-post-list-container advanced layout-advanced\"><div class=\"eael-post-list-wrap\"><div class=\"eael-post-list-posts-wrap eael-post-appender eael-post-appender-c43f487\"><div class=\"eael-post-list-post \"><div class=\"eael-post-list-post-inner\"><div class=\"eael-post-list-thumbnail \"><a href=\"https:\/\/police.cd\/site\/lancement-officiel-de-loperation-de-salubrite-publique-salongo-special-a-kintambo-magasin\/\">\n                <img decoding=\"async\" src=\"https:\/\/police.cd\/site\/wp-content\/uploads\/2026\/04\/WhatsApp-Image-2026-04-11-at-13.31.57-768x1024.jpeg\" alt=\"\">\n            <\/a><\/div><div class=\"eael-post-list-content\"><h2 class=\"eael-post-list-title\"><a href=\"https:\/\/police.cd\/site\/lancement-officiel-de-loperation-de-salubrite-publique-salongo-special-a-kintambo-magasin\/\" >Lancement officiel de l\u2019op\u00e9ration de salubrit\u00e9 publique \u00ab Salongo Sp\u00e9cial \u00bb \u00e0 Kintambo Magasin<\/a><\/h2><div class=\"meta\">\n                    <span><i class=\"far fa-calendar-alt\"><\/i> avril 14, 2026<\/span>\n                <\/div><div class=\"boxed-meta\"><div class=\"meta-categories user-meta-hidden \">\n                <div class=\"meta-cats-wrap\"><a href=\"https:\/\/police.cd\/site\/category\/police\/\">Police<\/a><\/div>\n             <\/div><\/div><\/div><\/div><\/div><div class=\"eael-post-list-post \"><div class=\"eael-post-list-post-inner\"><div class=\"eael-post-list-thumbnail \"><a href=\"https:\/\/police.cd\/site\/kwilu-en-prelude-a-la-13%e1%b5%89-conference-des-gouverneurs-le-vpm-shabani-a-preside-un-comite-provincial-de-securite-elargie\/\">\n                <img decoding=\"async\" src=\"https:\/\/police.cd\/site\/wp-content\/uploads\/2026\/03\/WhatsApp-Image-2026-03-24-at-17.52.48-1-768x511.jpeg\" alt=\"\">\n            <\/a><\/div><div class=\"eael-post-list-content\"><h2 class=\"eael-post-list-title\"><a href=\"https:\/\/police.cd\/site\/kwilu-en-prelude-a-la-13%e1%b5%89-conference-des-gouverneurs-le-vpm-shabani-a-preside-un-comite-provincial-de-securite-elargie\/\" >Kwilu : En pr\u00e9lude \u00e0 la 13\u1d49 Conf\u00e9rence des gouverneurs, le VPM Shabani a pr\u00e9sid\u00e9 un comit\u00e9 Provincial de S\u00e9curit\u00e9 \u00e9largie<\/a><\/h2><div class=\"meta\">\n                    <span><i class=\"far fa-calendar-alt\"><\/i> mars 25, 2026<\/span>\n                <\/div><div class=\"boxed-meta\"><div class=\"meta-categories user-meta-hidden \">\n                <div class=\"meta-cats-wrap\"><a href=\"https:\/\/police.cd\/site\/category\/police\/\">Police<\/a><\/div>\n             <\/div><\/div><\/div><\/div><\/div><div class=\"eael-post-list-post \"><div class=\"eael-post-list-post-inner\"><div class=\"eael-post-list-thumbnail \"><a href=\"https:\/\/police.cd\/site\/reforme-et-modernisation-de-la-pnc-la-monusco-et-lunpol-reaffirment-leur-engagement-aux-cotes-du-commissaire-general\/\">\n                <img decoding=\"async\" src=\"https:\/\/police.cd\/site\/wp-content\/uploads\/2026\/02\/WhatsApp-Image-2026-02-16-at-12.56.0-768x511.jpeg\" alt=\"\">\n            <\/a><\/div><div class=\"eael-post-list-content\"><h2 class=\"eael-post-list-title\"><a href=\"https:\/\/police.cd\/site\/reforme-et-modernisation-de-la-pnc-la-monusco-et-lunpol-reaffirment-leur-engagement-aux-cotes-du-commissaire-general\/\" >R\u00e9forme et modernisation de la PNC : la MONUSCO et l\u2019UNPOL r\u00e9affirment leur engagement aux c\u00f4t\u00e9s du Commissaire G\u00e9n\u00e9ral<\/a><\/h2><div class=\"meta\">\n                    <span><i class=\"far fa-calendar-alt\"><\/i> f\u00e9vrier 16, 2026<\/span>\n                <\/div><div class=\"boxed-meta\"><div class=\"meta-categories user-meta-hidden \">\n                <div class=\"meta-cats-wrap\"><a href=\"https:\/\/police.cd\/site\/category\/commissariat-general\/\">Commissariat G\u00e9n\u00e9ral<\/a><\/div>\n             <\/div><\/div><\/div><\/div><\/div><\/div><\/div>\n\t\t<\/div><div data-nonce=\"308eaf78c7\" class=\"post-list-pagination\" data-widget-id=\"c43f487\" data-widget=\"c43f487\" data-page-id=\"1193\" data-class=\"Essential_Addons_Elementor\\Pro\\Elements\\Post_List\" data-args=\"orderby=date&amp;order=desc&amp;ignore_sticky_posts=1&amp;post_status=publish&amp;posts_per_page=3&amp;offset=0&amp;post_type=post\" data-settings=\"eael_post_list_post_feature_image=yes&amp;eael_post_list_post_meta=yes&amp;eael_post_list_post_title=yes&amp;eael_post_list_post_excerpt=no&amp;eael_post_list_pagination=yes&amp;eael_post_list_layout_type=advanced&amp;eael_post_list_post_cat=yes&amp;eael_post_list_author_meta=&amp;eael_post_list_title_tag=h2&amp;eael_post_featured_image_size=medium_large\" data-page=\"1\" data-scroll-on-pagination=\"0\" data-scroll-offset=\"100\" data-template=\"{&quot;dir&quot;:&quot;pro&quot;,&quot;file_name&quot;:&quot;advanced.php&quot;,&quot;name&quot;:&quot;Post-List&quot;}\">\n                <button class=\"btn btn-prev-post\" id=\"post-nav-prev-c43f487\" disabled=\"true\"><svg aria-hidden=\"true\" class=\"e-font-icon-svg e-fas-angle-left\" viewBox=\"0 0 256 512\" xmlns=\"http:\/\/www.w3.org\/2000\/svg\"><path d=\"M31.7 239l136-136c9.4-9.4 24.6-9.4 33.9 0l22.6 22.6c9.4 9.4 9.4 24.6 0 33.9L127.9 256l96.4 96.4c9.4 9.4 9.4 24.6 0 33.9L201.7 409c-9.4 9.4-24.6 9.4-33.9 0l-136-136c-9.5-9.4-9.5-24.6-.1-34z\"><\/path><\/svg><\/button><button class=\"btn btn-next-post\" id=\"post-nav-next-c43f487\"><svg aria-hidden=\"true\" class=\"e-font-icon-svg e-fas-angle-right\" viewBox=\"0 0 256 512\" xmlns=\"http:\/\/www.w3.org\/2000\/svg\"><path d=\"M224.3 273l-136 136c-9.4 9.4-24.6 9.4-33.9 0l-22.6-22.6c-9.4-9.4-9.4-24.6 0-33.9l96.4-96.4-96.4-96.4c-9.4-9.4-9.4-24.6 0-33.9L54.3 103c9.4-9.4 24.6-9.4 33.9 0l136 136c9.5 9.4 9.5 24.6.1 34z\"><\/path><\/svg><\/button>\n\t\t\t<\/div>\t\t\t\t<\/div>\n\t\t\t\t<\/div>\n\t\t\t\t<\/div>\n\t\t\t\t\t<\/div>\n\t\t\t\t<\/div>\n\t\t\t\t<\/div>\n\t\t","protected":false},"excerpt":{"rendered":"<p>Les Equipements Les \u00e9quipements s\u2019entendent de l\u2019ensemble des moyens mat\u00e9riels mis \u00e0 la disposition de la Police nationale \u00e0 l\u2019effet d\u2019accomplir ses missions. Ils sont d\u00e9termin\u00e9s par d\u00e9cret du Premier Ministre d\u00e9lib\u00e9r\u00e9 en Conseil des Ministres. L\u2019Etat met \u00e0 la disposition de la Police nationale les biens meubles et immeubles n\u00e9cessaires \u00e0 son fonctionnement. La [&hellip;]<\/p>\n","protected":false},"author":1,"featured_media":0,"parent":0,"menu_order":0,"comment_status":"closed","ping_status":"closed","template":"","meta":{"_acf_changed":false,"site-sidebar-layout":"no-sidebar","site-content-layout":"","ast-site-content-layout":"full-width-container","site-content-style":"default","site-sidebar-style":"default","ast-global-header-display":"","ast-banner-title-visibility":"","ast-main-header-display":"","ast-hfb-above-header-display":"","ast-hfb-below-header-display":"","ast-hfb-mobile-header-display":"","site-post-title":"disabled","ast-breadcrumbs-content":"","ast-featured-img":"disabled","footer-sml-layout":"","ast-disable-related-posts":"","theme-transparent-header-meta":"","adv-header-id-meta":"","stick-header-meta":"","header-above-stick-meta":"","header-main-stick-meta":"","header-below-stick-meta":"","astra-migrate-meta-layouts":"default","ast-page-background-enabled":"default","ast-page-background-meta":{"desktop":{"background-color":"var(--ast-global-color-4)","background-image":"","background-repeat":"repeat","background-position":"center center","background-size":"auto","background-attachment":"scroll","background-type":"","background-media":"","overlay-type":"","overlay-color":"","overlay-opacity":"","overlay-gradient":""},"tablet":{"background-color":"","background-image":"","background-repeat":"repeat","background-position":"center center","background-size":"auto","background-attachment":"scroll","background-type":"","background-media":"","overlay-type":"","overlay-color":"","overlay-opacity":"","overlay-gradient":""},"mobile":{"background-color":"","background-image":"","background-repeat":"repeat","background-position":"center center","background-size":"auto","background-attachment":"scroll","background-type":"","background-media":"","overlay-type":"","overlay-color":"","overlay-opacity":"","overlay-gradient":""}},"ast-content-background-meta":{"desktop":{"background-color":"var(--ast-global-color-5)","background-image":"","background-repeat":"repeat","background-position":"center center","background-size":"auto","background-attachment":"scroll","background-type":"","background-media":"","overlay-type":"","overlay-color":"","overlay-opacity":"","overlay-gradient":""},"tablet":{"background-color":"var(--ast-global-color-5)","background-image":"","background-repeat":"repeat","background-position":"center center","background-size":"auto","background-attachment":"scroll","background-type":"","background-media":"","overlay-type":"","overlay-color":"","overlay-opacity":"","overlay-gradient":""},"mobile":{"background-color":"var(--ast-global-color-5)","background-image":"","background-repeat":"repeat","background-position":"center center","background-size":"auto","background-attachment":"scroll","background-type":"","background-media":"","overlay-type":"","overlay-color":"","overlay-opacity":"","overlay-gradient":""}},"footnotes":""},"class_list":["post-1193","page","type-page","status-publish","hentry"],"acf":[],"_links":{"self":[{"href":"https:\/\/police.cd\/site\/wp-json\/wp\/v2\/pages\/1193","targetHints":{"allow":["GET"]}}],"collection":[{"href":"https:\/\/police.cd\/site\/wp-json\/wp\/v2\/pages"}],"about":[{"href":"https:\/\/police.cd\/site\/wp-json\/wp\/v2\/types\/page"}],"author":[{"embeddable":true,"href":"https:\/\/police.cd\/site\/wp-json\/wp\/v2\/users\/1"}],"replies":[{"embeddable":true,"href":"https:\/\/police.cd\/site\/wp-json\/wp\/v2\/comments?post=1193"}],"version-history":[{"count":13,"href":"https:\/\/police.cd\/site\/wp-json\/wp\/v2\/pages\/1193\/revisions"}],"predecessor-version":[{"id":3714,"href":"https:\/\/police.cd\/site\/wp-json\/wp\/v2\/pages\/1193\/revisions\/3714"}],"wp:attachment":[{"href":"https:\/\/police.cd\/site\/wp-json\/wp\/v2\/media?parent=1193"}],"curies":[{"name":"wp","href":"https:\/\/api.w.org\/{rel}","templated":true}]}}