{"id":1729,"date":"2025-01-06T14:19:27","date_gmt":"2025-01-06T14:19:27","guid":{"rendered":"https:\/\/police-rdc.kinshasadigital.dev\/?page_id=1729"},"modified":"2025-02-07T11:40:06","modified_gmt":"2025-02-07T11:40:06","slug":"actualites","status":"publish","type":"page","link":"https:\/\/police.cd\/site\/actualites\/","title":{"rendered":"Actualit\u00e9s"},"content":{"rendered":"\t\t<div data-elementor-type=\"wp-page\" data-elementor-id=\"1729\" class=\"elementor elementor-1729\" data-elementor-post-type=\"page\">\n\t\t\t\t<div data-particle_enable=\"false\" data-particle-mobile-disabled=\"false\" class=\"elementor-element elementor-element-36927e66 e-flex e-con-boxed e-con e-parent\" data-id=\"36927e66\" data-element_type=\"container\" data-e-type=\"container\" data-settings=\"{&quot;background_background&quot;:&quot;classic&quot;}\">\n\t\t\t\t\t<div class=\"e-con-inner\">\n\t\t\t\t\t<\/div>\n\t\t\t\t<\/div>\n\t\t<div data-particle_enable=\"false\" data-particle-mobile-disabled=\"false\" class=\"elementor-element elementor-element-6b5ed4b e-flex e-con-boxed e-con e-parent\" data-id=\"6b5ed4b\" data-element_type=\"container\" data-e-type=\"container\">\n\t\t\t\t\t<div class=\"e-con-inner\">\n\t\t\t\t<div class=\"elementor-element elementor-element-195eaf6 elementor-widget__width-initial elementor-widget elementor-widget-heading\" data-id=\"195eaf6\" data-element_type=\"widget\" data-e-type=\"widget\" data-widget_type=\"heading.default\">\n\t\t\t\t<div class=\"elementor-widget-container\">\n\t\t\t\t\t<h2 class=\"elementor-heading-title elementor-size-default\">Retrouvez toutes les derni\u00e8res actualit\u00e9s de la police nationale.<\/h2>\t\t\t\t<\/div>\n\t\t\t\t<\/div>\n\t\t\t\t\t<\/div>\n\t\t\t\t<\/div>\n\t\t<div data-particle_enable=\"false\" data-particle-mobile-disabled=\"false\" class=\"elementor-element elementor-element-a1f226f e-flex e-con-boxed e-con e-parent\" data-id=\"a1f226f\" data-element_type=\"container\" data-e-type=\"container\">\n\t\t\t\t\t<div class=\"e-con-inner\">\n\t\t<div data-particle_enable=\"false\" data-particle-mobile-disabled=\"false\" class=\"elementor-element elementor-element-df77732 e-con-full e-flex e-con e-child\" data-id=\"df77732\" data-element_type=\"container\" data-e-type=\"container\">\n\t\t\t\t<div class=\"elementor-element elementor-element-a12637d elementor-grid-3 elementor-grid-tablet-2 elementor-grid-mobile-1 elementor-posts--thumbnail-top elementor-card-shadow-yes elementor-posts__hover-gradient elementor-widget elementor-widget-posts\" data-id=\"a12637d\" data-element_type=\"widget\" data-e-type=\"widget\" data-settings=\"{&quot;cards_columns&quot;:&quot;3&quot;,&quot;cards_columns_tablet&quot;:&quot;2&quot;,&quot;cards_columns_mobile&quot;:&quot;1&quot;,&quot;cards_row_gap&quot;:{&quot;unit&quot;:&quot;px&quot;,&quot;size&quot;:35,&quot;sizes&quot;:[]},&quot;cards_row_gap_tablet&quot;:{&quot;unit&quot;:&quot;px&quot;,&quot;size&quot;:&quot;&quot;,&quot;sizes&quot;:[]},&quot;cards_row_gap_mobile&quot;:{&quot;unit&quot;:&quot;px&quot;,&quot;size&quot;:&quot;&quot;,&quot;sizes&quot;:[]}}\" data-widget_type=\"posts.cards\">\n\t\t\t\t<div class=\"elementor-widget-container\">\n\t\t\t\t\t\t\t<div class=\"elementor-posts-container elementor-posts elementor-posts--skin-cards elementor-grid\">\n\t\t\t\t<article class=\"elementor-post elementor-grid-item post-4426 post type-post status-publish format-standard has-post-thumbnail hentry category-police\">\n\t\t\t<div class=\"elementor-post__card\">\n\t\t\t\t<a class=\"elementor-post__thumbnail__link\" href=\"https:\/\/police.cd\/site\/lancement-officiel-de-loperation-de-salubrite-publique-salongo-special-a-kintambo-magasin\/\" tabindex=\"-1\" ><div class=\"elementor-post__thumbnail\"><img fetchpriority=\"high\" decoding=\"async\" width=\"810\" height=\"1080\" src=\"https:\/\/police.cd\/site\/wp-content\/uploads\/2026\/04\/WhatsApp-Image-2026-04-11-at-13.31.57.jpeg\" class=\"attachment-full size-full wp-image-4427\" alt=\"\" srcset=\"https:\/\/police.cd\/site\/wp-content\/uploads\/2026\/04\/WhatsApp-Image-2026-04-11-at-13.31.57.jpeg 810w, https:\/\/police.cd\/site\/wp-content\/uploads\/2026\/04\/WhatsApp-Image-2026-04-11-at-13.31.57-225x300.jpeg 225w, https:\/\/police.cd\/site\/wp-content\/uploads\/2026\/04\/WhatsApp-Image-2026-04-11-at-13.31.57-768x1024.jpeg 768w\" sizes=\"(max-width: 810px) 100vw, 810px\" \/><\/div><\/a>\n\t\t\t\t<div class=\"elementor-post__text\">\n\t\t\t\t<h3 class=\"elementor-post__title\">\n\t\t\t<a href=\"https:\/\/police.cd\/site\/lancement-officiel-de-loperation-de-salubrite-publique-salongo-special-a-kintambo-magasin\/\" >\n\t\t\t\tLancement officiel de l\u2019op\u00e9ration de salubrit\u00e9 publique \u00ab Salongo Sp\u00e9cial \u00bb \u00e0 Kintambo Magasin\t\t\t<\/a>\n\t\t<\/h3>\n\t\t\t\t<div class=\"elementor-post__excerpt\">\n\t\t\t<p>Le Vice-Premier Ministre, Ministre de l\u2019Int\u00e9rieur, D\u00e9centralisation et Affaires Coutumi\u00e8res, Jacquemin Shabani, a proc\u00e9d\u00e9, ce samedi 11 avril 2026, au<\/p>\n\t\t<\/div>\n\t\t\n\t\t<a class=\"elementor-post__read-more\" href=\"https:\/\/police.cd\/site\/lancement-officiel-de-loperation-de-salubrite-publique-salongo-special-a-kintambo-magasin\/\" aria-label=\"Read more about Lancement officiel de l\u2019op\u00e9ration de salubrit\u00e9 publique \u00ab Salongo Sp\u00e9cial \u00bb \u00e0 Kintambo Magasin\" tabindex=\"-1\" >\n\t\t\tLire la suite\t\t<\/a>\n\n\t\t\t\t<\/div>\n\t\t\t\t\t<\/div>\n\t\t<\/article>\n\t\t\t\t<article class=\"elementor-post elementor-grid-item post-4417 post type-post status-publish format-standard has-post-thumbnail hentry category-police\">\n\t\t\t<div class=\"elementor-post__card\">\n\t\t\t\t<a class=\"elementor-post__thumbnail__link\" href=\"https:\/\/police.cd\/site\/kwilu-en-prelude-a-la-13%e1%b5%89-conference-des-gouverneurs-le-vpm-shabani-a-preside-un-comite-provincial-de-securite-elargie\/\" tabindex=\"-1\" ><div class=\"elementor-post__thumbnail\"><img decoding=\"async\" width=\"1080\" height=\"718\" src=\"https:\/\/police.cd\/site\/wp-content\/uploads\/2026\/03\/WhatsApp-Image-2026-03-24-at-17.52.48-1.jpeg\" class=\"attachment-full size-full wp-image-4418\" alt=\"\" srcset=\"https:\/\/police.cd\/site\/wp-content\/uploads\/2026\/03\/WhatsApp-Image-2026-03-24-at-17.52.48-1.jpeg 1080w, https:\/\/police.cd\/site\/wp-content\/uploads\/2026\/03\/WhatsApp-Image-2026-03-24-at-17.52.48-1-300x199.jpeg 300w, https:\/\/police.cd\/site\/wp-content\/uploads\/2026\/03\/WhatsApp-Image-2026-03-24-at-17.52.48-1-1024x681.jpeg 1024w, https:\/\/police.cd\/site\/wp-content\/uploads\/2026\/03\/WhatsApp-Image-2026-03-24-at-17.52.48-1-768x511.jpeg 768w\" sizes=\"(max-width: 1080px) 100vw, 1080px\" \/><\/div><\/a>\n\t\t\t\t<div class=\"elementor-post__text\">\n\t\t\t\t<h3 class=\"elementor-post__title\">\n\t\t\t<a href=\"https:\/\/police.cd\/site\/kwilu-en-prelude-a-la-13%e1%b5%89-conference-des-gouverneurs-le-vpm-shabani-a-preside-un-comite-provincial-de-securite-elargie\/\" >\n\t\t\t\tKwilu : En pr\u00e9lude \u00e0 la 13\u1d49 Conf\u00e9rence des gouverneurs, le VPM Shabani a pr\u00e9sid\u00e9 un comit\u00e9 Provincial de S\u00e9curit\u00e9 \u00e9largie\t\t\t<\/a>\n\t\t<\/h3>\n\t\t\t\t<div class=\"elementor-post__excerpt\">\n\t\t\t<p>Le rapporteur de la Conf\u00e9rence des gouverneurs et Vice-Premier ministre, ministre de l\u2019Int\u00e9rieur, S\u00e9curit\u00e9, D\u00e9centralisation et Affaires coutumi\u00e8res, SHABANI LUKOO<\/p>\n\t\t<\/div>\n\t\t\n\t\t<a class=\"elementor-post__read-more\" href=\"https:\/\/police.cd\/site\/kwilu-en-prelude-a-la-13%e1%b5%89-conference-des-gouverneurs-le-vpm-shabani-a-preside-un-comite-provincial-de-securite-elargie\/\" aria-label=\"Read more about Kwilu : En pr\u00e9lude \u00e0 la 13\u1d49 Conf\u00e9rence des gouverneurs, le VPM Shabani a pr\u00e9sid\u00e9 un comit\u00e9 Provincial de S\u00e9curit\u00e9 \u00e9largie\" tabindex=\"-1\" >\n\t\t\tLire la suite\t\t<\/a>\n\n\t\t\t\t<\/div>\n\t\t\t\t\t<\/div>\n\t\t<\/article>\n\t\t\t\t<article class=\"elementor-post elementor-grid-item post-4369 post type-post status-publish format-standard has-post-thumbnail hentry category-commissariat-general category-sicop\">\n\t\t\t<div class=\"elementor-post__card\">\n\t\t\t\t<a class=\"elementor-post__thumbnail__link\" href=\"https:\/\/police.cd\/site\/reforme-et-modernisation-de-la-pnc-la-monusco-et-lunpol-reaffirment-leur-engagement-aux-cotes-du-commissaire-general\/\" tabindex=\"-1\" ><div class=\"elementor-post__thumbnail\"><img decoding=\"async\" width=\"1080\" height=\"719\" src=\"https:\/\/police.cd\/site\/wp-content\/uploads\/2026\/02\/WhatsApp-Image-2026-02-16-at-12.56.0.jpeg\" class=\"attachment-full size-full wp-image-4372\" alt=\"\" srcset=\"https:\/\/police.cd\/site\/wp-content\/uploads\/2026\/02\/WhatsApp-Image-2026-02-16-at-12.56.0.jpeg 1080w, https:\/\/police.cd\/site\/wp-content\/uploads\/2026\/02\/WhatsApp-Image-2026-02-16-at-12.56.0-300x200.jpeg 300w, https:\/\/police.cd\/site\/wp-content\/uploads\/2026\/02\/WhatsApp-Image-2026-02-16-at-12.56.0-1024x682.jpeg 1024w, https:\/\/police.cd\/site\/wp-content\/uploads\/2026\/02\/WhatsApp-Image-2026-02-16-at-12.56.0-768x511.jpeg 768w\" sizes=\"(max-width: 1080px) 100vw, 1080px\" \/><\/div><\/a>\n\t\t\t\t<div class=\"elementor-post__text\">\n\t\t\t\t<h3 class=\"elementor-post__title\">\n\t\t\t<a href=\"https:\/\/police.cd\/site\/reforme-et-modernisation-de-la-pnc-la-monusco-et-lunpol-reaffirment-leur-engagement-aux-cotes-du-commissaire-general\/\" >\n\t\t\t\tR\u00e9forme et modernisation de la PNC : la MONUSCO et l\u2019UNPOL r\u00e9affirment leur engagement aux c\u00f4t\u00e9s du Commissaire G\u00e9n\u00e9ral\t\t\t<\/a>\n\t\t<\/h3>\n\t\t\t\t<div class=\"elementor-post__excerpt\">\n\t\t\t<p>Le Commissaire G\u00e9n\u00e9ral de la Police Nationale Congolaise (PNC), le G\u00e9n\u00e9ral Benjamin Alongaboni, a accord\u00e9 une audience \u00e0 une d\u00e9l\u00e9gation<\/p>\n\t\t<\/div>\n\t\t\n\t\t<a class=\"elementor-post__read-more\" href=\"https:\/\/police.cd\/site\/reforme-et-modernisation-de-la-pnc-la-monusco-et-lunpol-reaffirment-leur-engagement-aux-cotes-du-commissaire-general\/\" aria-label=\"Read more about R\u00e9forme et modernisation de la PNC : la MONUSCO et l\u2019UNPOL r\u00e9affirment leur engagement aux c\u00f4t\u00e9s du Commissaire G\u00e9n\u00e9ral\" tabindex=\"-1\" >\n\t\t\tLire la suite\t\t<\/a>\n\n\t\t\t\t<\/div>\n\t\t\t\t\t<\/div>\n\t\t<\/article>\n\t\t\t\t<article class=\"elementor-post elementor-grid-item post-4366 post type-post status-publish format-standard has-post-thumbnail hentry category-commissariat-general category-sicop\">\n\t\t\t<div class=\"elementor-post__card\">\n\t\t\t\t<a class=\"elementor-post__thumbnail__link\" href=\"https:\/\/police.cd\/site\/ministere-de-linterieur-securite-decentralisation-et-affaires-coutumieres-2\/\" tabindex=\"-1\" ><div class=\"elementor-post__thumbnail\"><img loading=\"lazy\" decoding=\"async\" width=\"1080\" height=\"718\" src=\"https:\/\/police.cd\/site\/wp-content\/uploads\/2026\/02\/WhatsApp-Image-2026-02-14-at-13.21.24.jpeg\" class=\"attachment-full size-full wp-image-4367\" alt=\"\" srcset=\"https:\/\/police.cd\/site\/wp-content\/uploads\/2026\/02\/WhatsApp-Image-2026-02-14-at-13.21.24.jpeg 1080w, https:\/\/police.cd\/site\/wp-content\/uploads\/2026\/02\/WhatsApp-Image-2026-02-14-at-13.21.24-300x199.jpeg 300w, https:\/\/police.cd\/site\/wp-content\/uploads\/2026\/02\/WhatsApp-Image-2026-02-14-at-13.21.24-1024x681.jpeg 1024w, https:\/\/police.cd\/site\/wp-content\/uploads\/2026\/02\/WhatsApp-Image-2026-02-14-at-13.21.24-768x511.jpeg 768w\" sizes=\"(max-width: 1080px) 100vw, 1080px\" \/><\/div><\/a>\n\t\t\t\t<div class=\"elementor-post__text\">\n\t\t\t\t<h3 class=\"elementor-post__title\">\n\t\t\t<a href=\"https:\/\/police.cd\/site\/ministere-de-linterieur-securite-decentralisation-et-affaires-coutumieres-2\/\" >\n\t\t\t\tMINIST\u00c8RE DE L&rsquo;INT\u00c9RIEUR, S\u00c9CURIT\u00c9, D\u00c9CENTRALISATION ET AFFAIRES COUTUMI\u00c8RES\t\t\t<\/a>\n\t\t<\/h3>\n\t\t\t\t<div class=\"elementor-post__excerpt\">\n\t\t\t<p>RDC-Angola : Signature de l&rsquo;accord portant cr\u00e9ation de la Commission Permanente mixte D\u00e9fense et S\u00e9curit\u00e9 La R\u00e9publique D\u00e9mocratique du Congo<\/p>\n\t\t<\/div>\n\t\t\n\t\t<a class=\"elementor-post__read-more\" href=\"https:\/\/police.cd\/site\/ministere-de-linterieur-securite-decentralisation-et-affaires-coutumieres-2\/\" aria-label=\"Read more about MINIST\u00c8RE DE L&rsquo;INT\u00c9RIEUR, S\u00c9CURIT\u00c9, D\u00c9CENTRALISATION ET AFFAIRES COUTUMI\u00c8RES\" tabindex=\"-1\" >\n\t\t\tLire la suite\t\t<\/a>\n\n\t\t\t\t<\/div>\n\t\t\t\t\t<\/div>\n\t\t<\/article>\n\t\t\t\t<article class=\"elementor-post elementor-grid-item post-4363 post type-post status-publish format-standard has-post-thumbnail hentry category-commissariat-general category-sicop\">\n\t\t\t<div class=\"elementor-post__card\">\n\t\t\t\t<a class=\"elementor-post__thumbnail__link\" href=\"https:\/\/police.cd\/site\/ministere-de-linterieur-securite-decentralisation-et-affaires-coutumieres\/\" tabindex=\"-1\" ><div class=\"elementor-post__thumbnail\"><img loading=\"lazy\" decoding=\"async\" width=\"1080\" height=\"720\" src=\"https:\/\/police.cd\/site\/wp-content\/uploads\/2026\/02\/WhatsApp-Image-2026-02-12-at-15.07.57.jpeg\" class=\"attachment-full size-full wp-image-4364\" alt=\"\" srcset=\"https:\/\/police.cd\/site\/wp-content\/uploads\/2026\/02\/WhatsApp-Image-2026-02-12-at-15.07.57.jpeg 1080w, https:\/\/police.cd\/site\/wp-content\/uploads\/2026\/02\/WhatsApp-Image-2026-02-12-at-15.07.57-300x200.jpeg 300w, https:\/\/police.cd\/site\/wp-content\/uploads\/2026\/02\/WhatsApp-Image-2026-02-12-at-15.07.57-1024x683.jpeg 1024w, https:\/\/police.cd\/site\/wp-content\/uploads\/2026\/02\/WhatsApp-Image-2026-02-12-at-15.07.57-768x512.jpeg 768w\" sizes=\"(max-width: 1080px) 100vw, 1080px\" \/><\/div><\/a>\n\t\t\t\t<div class=\"elementor-post__text\">\n\t\t\t\t<h3 class=\"elementor-post__title\">\n\t\t\t<a href=\"https:\/\/police.cd\/site\/ministere-de-linterieur-securite-decentralisation-et-affaires-coutumieres\/\" >\n\t\t\t\tMINIST\u00c8RE DE L&rsquo;INT\u00c9RIEUR, S\u00c9CURITE, D\u00c9CENTRALISATION ET AFFAIRES COUTUMI\u00c8RES\t\t\t<\/a>\n\t\t<\/h3>\n\t\t\t\t<div class=\"elementor-post__excerpt\">\n\t\t\t<p>Paix et coh\u00e9sion sociale au Tanganyika : au nom du VPM SHABANI, le DIRCABA Elie Nkumbi a assist\u00e9 \u00e0 l\u2019officialisation<\/p>\n\t\t<\/div>\n\t\t\n\t\t<a class=\"elementor-post__read-more\" href=\"https:\/\/police.cd\/site\/ministere-de-linterieur-securite-decentralisation-et-affaires-coutumieres\/\" aria-label=\"Read more about MINIST\u00c8RE DE L&rsquo;INT\u00c9RIEUR, S\u00c9CURITE, D\u00c9CENTRALISATION ET AFFAIRES COUTUMI\u00c8RES\" tabindex=\"-1\" >\n\t\t\tLire la suite\t\t<\/a>\n\n\t\t\t\t<\/div>\n\t\t\t\t\t<\/div>\n\t\t<\/article>\n\t\t\t\t<article class=\"elementor-post elementor-grid-item post-4343 post type-post status-publish format-standard has-post-thumbnail hentry category-police\">\n\t\t\t<div class=\"elementor-post__card\">\n\t\t\t\t<a class=\"elementor-post__thumbnail__link\" href=\"https:\/\/police.cd\/site\/kinshasa-le-vpm-shabani-instruit-sur-le-renforcement-de-loperation-ndobo-pendant-les-festivites-de-fin-dannee\/\" tabindex=\"-1\" ><div class=\"elementor-post__thumbnail\"><img loading=\"lazy\" decoding=\"async\" width=\"1080\" height=\"718\" src=\"https:\/\/police.cd\/site\/wp-content\/uploads\/2025\/12\/WhatsApp-Image-2025-12-24-at-02.28.01.jpeg\" class=\"attachment-full size-full wp-image-4344\" alt=\"\" srcset=\"https:\/\/police.cd\/site\/wp-content\/uploads\/2025\/12\/WhatsApp-Image-2025-12-24-at-02.28.01.jpeg 1080w, https:\/\/police.cd\/site\/wp-content\/uploads\/2025\/12\/WhatsApp-Image-2025-12-24-at-02.28.01-300x199.jpeg 300w, https:\/\/police.cd\/site\/wp-content\/uploads\/2025\/12\/WhatsApp-Image-2025-12-24-at-02.28.01-1024x681.jpeg 1024w, https:\/\/police.cd\/site\/wp-content\/uploads\/2025\/12\/WhatsApp-Image-2025-12-24-at-02.28.01-768x511.jpeg 768w\" sizes=\"(max-width: 1080px) 100vw, 1080px\" \/><\/div><\/a>\n\t\t\t\t<div class=\"elementor-post__text\">\n\t\t\t\t<h3 class=\"elementor-post__title\">\n\t\t\t<a href=\"https:\/\/police.cd\/site\/kinshasa-le-vpm-shabani-instruit-sur-le-renforcement-de-loperation-ndobo-pendant-les-festivites-de-fin-dannee\/\" >\n\t\t\t\t#Kinshasa : le VPM SHABANI instruit sur le renforcement de l\u2019op\u00e9ration NDOBO pendant les festivit\u00e9s de fin d\u2019ann\u00e9e\t\t\t<\/a>\n\t\t<\/h3>\n\t\t\t\t<div class=\"elementor-post__excerpt\">\n\t\t\t<p>\u00c0 l\u2019approche des festivit\u00e9s de fin d\u2019ann\u00e9e, le Vice-Premier Ministre, Ministre de l\u2019Int\u00e9rieur, S\u00e9curit\u00e9, D\u00e9centralisation et Affaires coutumi\u00e8res, SHABANI LUKOO<\/p>\n\t\t<\/div>\n\t\t\n\t\t<a class=\"elementor-post__read-more\" href=\"https:\/\/police.cd\/site\/kinshasa-le-vpm-shabani-instruit-sur-le-renforcement-de-loperation-ndobo-pendant-les-festivites-de-fin-dannee\/\" aria-label=\"Read more about #Kinshasa : le VPM SHABANI instruit sur le renforcement de l\u2019op\u00e9ration NDOBO pendant les festivit\u00e9s de fin d\u2019ann\u00e9e\" tabindex=\"-1\" >\n\t\t\tLire la suite\t\t<\/a>\n\n\t\t\t\t<\/div>\n\t\t\t\t\t<\/div>\n\t\t<\/article>\n\t\t\t\t<article class=\"elementor-post elementor-grid-item post-4337 post type-post status-publish format-standard has-post-thumbnail hentry category-commissariat-general category-sicop\">\n\t\t\t<div class=\"elementor-post__card\">\n\t\t\t\t<a class=\"elementor-post__thumbnail__link\" href=\"https:\/\/police.cd\/site\/rdc-le-vpm-de-linterieur-jacquemain-shabani-lukoo-porte-la-voix-du-peuple-congolais-au-parlement-europeen\/\" tabindex=\"-1\" ><div class=\"elementor-post__thumbnail\"><img loading=\"lazy\" decoding=\"async\" width=\"1080\" height=\"718\" src=\"https:\/\/police.cd\/site\/wp-content\/uploads\/2025\/12\/WhatsApp-Image-2025-12-23-at-16.41.54.jpeg\" class=\"attachment-full size-full wp-image-4341\" alt=\"\" srcset=\"https:\/\/police.cd\/site\/wp-content\/uploads\/2025\/12\/WhatsApp-Image-2025-12-23-at-16.41.54.jpeg 1080w, https:\/\/police.cd\/site\/wp-content\/uploads\/2025\/12\/WhatsApp-Image-2025-12-23-at-16.41.54-300x199.jpeg 300w, https:\/\/police.cd\/site\/wp-content\/uploads\/2025\/12\/WhatsApp-Image-2025-12-23-at-16.41.54-1024x681.jpeg 1024w, https:\/\/police.cd\/site\/wp-content\/uploads\/2025\/12\/WhatsApp-Image-2025-12-23-at-16.41.54-768x511.jpeg 768w\" sizes=\"(max-width: 1080px) 100vw, 1080px\" \/><\/div><\/a>\n\t\t\t\t<div class=\"elementor-post__text\">\n\t\t\t\t<h3 class=\"elementor-post__title\">\n\t\t\t<a href=\"https:\/\/police.cd\/site\/rdc-le-vpm-de-linterieur-jacquemain-shabani-lukoo-porte-la-voix-du-peuple-congolais-au-parlement-europeen\/\" >\n\t\t\t\t#RDC : le VPM de l\u2019Int\u00e9rieur Jacquemain Shabani Lukoo porte la voix du peuple congolais au Parlement europ\u00e9en\t\t\t<\/a>\n\t\t<\/h3>\n\t\t\t\t<div class=\"elementor-post__excerpt\">\n\t\t\t<p>Le Vice-Premier Ministre, Ministre de l\u2019Int\u00e9rieur, S\u00e9curit\u00e9, D\u00e9centralisation et Affaires coutumi\u00e8res, Ma\u00eetre #Shabani_Lukoo_Bihango J., a \u00e9t\u00e9 honor\u00e9 d\u2019une invitation officielle<\/p>\n\t\t<\/div>\n\t\t\n\t\t<a class=\"elementor-post__read-more\" href=\"https:\/\/police.cd\/site\/rdc-le-vpm-de-linterieur-jacquemain-shabani-lukoo-porte-la-voix-du-peuple-congolais-au-parlement-europeen\/\" aria-label=\"Read more about #RDC : le VPM de l\u2019Int\u00e9rieur Jacquemain Shabani Lukoo porte la voix du peuple congolais au Parlement europ\u00e9en\" tabindex=\"-1\" >\n\t\t\tLire la suite\t\t<\/a>\n\n\t\t\t\t<\/div>\n\t\t\t\t\t<\/div>\n\t\t<\/article>\n\t\t\t\t<article class=\"elementor-post elementor-grid-item post-4333 post type-post status-publish format-standard has-post-thumbnail hentry category-commissariat-general category-sicop\">\n\t\t\t<div class=\"elementor-post__card\">\n\t\t\t\t<a class=\"elementor-post__thumbnail__link\" href=\"https:\/\/police.cd\/site\/securite-kinshasa-le-vpm-shabani-preside-une-reunion-du-comite-provincial-de-securite-elargie-aux-cls-des-communes\/\" tabindex=\"-1\" ><div class=\"elementor-post__thumbnail\"><img loading=\"lazy\" decoding=\"async\" width=\"1080\" height=\"719\" src=\"https:\/\/police.cd\/site\/wp-content\/uploads\/2025\/12\/598297661_25715990881368573_7503904332342782330_n.jpg\" class=\"attachment-full size-full wp-image-4334\" alt=\"\" srcset=\"https:\/\/police.cd\/site\/wp-content\/uploads\/2025\/12\/598297661_25715990881368573_7503904332342782330_n.jpg 1080w, https:\/\/police.cd\/site\/wp-content\/uploads\/2025\/12\/598297661_25715990881368573_7503904332342782330_n-300x200.jpg 300w, https:\/\/police.cd\/site\/wp-content\/uploads\/2025\/12\/598297661_25715990881368573_7503904332342782330_n-1024x682.jpg 1024w, https:\/\/police.cd\/site\/wp-content\/uploads\/2025\/12\/598297661_25715990881368573_7503904332342782330_n-768x511.jpg 768w\" sizes=\"(max-width: 1080px) 100vw, 1080px\" \/><\/div><\/a>\n\t\t\t\t<div class=\"elementor-post__text\">\n\t\t\t\t<h3 class=\"elementor-post__title\">\n\t\t\t<a href=\"https:\/\/police.cd\/site\/securite-kinshasa-le-vpm-shabani-preside-une-reunion-du-comite-provincial-de-securite-elargie-aux-cls-des-communes\/\" >\n\t\t\t\t#S\u00e9curit\u00e9-#Kinshasa : le VPM SHABANI pr\u00e9side une r\u00e9union du Comit\u00e9 provincial de s\u00e9curit\u00e9 \u00e9largie aux CLS des communes\t\t\t<\/a>\n\t\t<\/h3>\n\t\t\t\t<div class=\"elementor-post__excerpt\">\n\t\t\t<p>\u00e9largie aux CLS des communes Le Vice-Premier Ministre, Ministre de l\u2019Int\u00e9rieur, S\u00e9curit\u00e9, D\u00e9centralisation et Affaires coutumi\u00e8res, Jacquemain Shabani Lukoo, a<\/p>\n\t\t<\/div>\n\t\t\n\t\t<a class=\"elementor-post__read-more\" href=\"https:\/\/police.cd\/site\/securite-kinshasa-le-vpm-shabani-preside-une-reunion-du-comite-provincial-de-securite-elargie-aux-cls-des-communes\/\" aria-label=\"Read more about #S\u00e9curit\u00e9-#Kinshasa : le VPM SHABANI pr\u00e9side une r\u00e9union du Comit\u00e9 provincial de s\u00e9curit\u00e9 \u00e9largie aux CLS des communes\" tabindex=\"-1\" >\n\t\t\tLire la suite\t\t<\/a>\n\n\t\t\t\t<\/div>\n\t\t\t\t\t<\/div>\n\t\t<\/article>\n\t\t\t\t<\/div>\n\t\t\n\t\t\t\t\t\t<\/div>\n\t\t\t\t<\/div>\n\t\t\t\t<\/div>\n\t\t\t\t\t<\/div>\n\t\t\t\t<\/div>\n\t\t\t\t<\/div>\n\t\t","protected":false},"excerpt":{"rendered":"<p>Retrouvez toutes les derni\u00e8res actualit\u00e9s de la police nationale.<\/p>\n","protected":false},"author":1,"featured_media":0,"parent":0,"menu_order":0,"comment_status":"closed","ping_status":"closed","template":"","meta":{"_acf_changed":false,"site-sidebar-layout":"no-sidebar","site-content-layout":"","ast-site-content-layout":"full-width-container","site-content-style":"default","site-sidebar-style":"default","ast-global-header-display":"","ast-banner-title-visibility":"","ast-main-header-display":"","ast-hfb-above-header-display":"","ast-hfb-below-header-display":"","ast-hfb-mobile-header-display":"","site-post-title":"disabled","ast-breadcrumbs-content":"","ast-featured-img":"disabled","footer-sml-layout":"","ast-disable-related-posts":"","theme-transparent-header-meta":"","adv-header-id-meta":"","stick-header-meta":"","header-above-stick-meta":"","header-main-stick-meta":"","header-below-stick-meta":"","astra-migrate-meta-layouts":"default","ast-page-background-enabled":"default","ast-page-background-meta":{"desktop":{"background-color":"var(--ast-global-color-4)","background-image":"","background-repeat":"repeat","background-position":"center center","background-size":"auto","background-attachment":"scroll","background-type":"","background-media":"","overlay-type":"","overlay-color":"","overlay-opacity":"","overlay-gradient":""},"tablet":{"background-color":"","background-image":"","background-repeat":"repeat","background-position":"center center","background-size":"auto","background-attachment":"scroll","background-type":"","background-media":"","overlay-type":"","overlay-color":"","overlay-opacity":"","overlay-gradient":""},"mobile":{"background-color":"","background-image":"","background-repeat":"repeat","background-position":"center center","background-size":"auto","background-attachment":"scroll","background-type":"","background-media":"","overlay-type":"","overlay-color":"","overlay-opacity":"","overlay-gradient":""}},"ast-content-background-meta":{"desktop":{"background-color":"var(--ast-global-color-5)","background-image":"","background-repeat":"repeat","background-position":"center center","background-size":"auto","background-attachment":"scroll","background-type":"","background-media":"","overlay-type":"","overlay-color":"","overlay-opacity":"","overlay-gradient":""},"tablet":{"background-color":"var(--ast-global-color-5)","background-image":"","background-repeat":"repeat","background-position":"center center","background-size":"auto","background-attachment":"scroll","background-type":"","background-media":"","overlay-type":"","overlay-color":"","overlay-opacity":"","overlay-gradient":""},"mobile":{"background-color":"var(--ast-global-color-5)","background-image":"","background-repeat":"repeat","background-position":"center center","background-size":"auto","background-attachment":"scroll","background-type":"","background-media":"","overlay-type":"","overlay-color":"","overlay-opacity":"","overlay-gradient":""}},"footnotes":""},"class_list":["post-1729","page","type-page","status-publish","hentry"],"acf":[],"_links":{"self":[{"href":"https:\/\/police.cd\/site\/wp-json\/wp\/v2\/pages\/1729","targetHints":{"allow":["GET"]}}],"collection":[{"href":"https:\/\/police.cd\/site\/wp-json\/wp\/v2\/pages"}],"about":[{"href":"https:\/\/police.cd\/site\/wp-json\/wp\/v2\/types\/page"}],"author":[{"embeddable":true,"href":"https:\/\/police.cd\/site\/wp-json\/wp\/v2\/users\/1"}],"replies":[{"embeddable":true,"href":"https:\/\/police.cd\/site\/wp-json\/wp\/v2\/comments?post=1729"}],"version-history":[{"count":28,"href":"https:\/\/police.cd\/site\/wp-json\/wp\/v2\/pages\/1729\/revisions"}],"predecessor-version":[{"id":2129,"href":"https:\/\/police.cd\/site\/wp-json\/wp\/v2\/pages\/1729\/revisions\/2129"}],"wp:attachment":[{"href":"https:\/\/police.cd\/site\/wp-json\/wp\/v2\/media?parent=1729"}],"curies":[{"name":"wp","href":"https:\/\/api.w.org\/{rel}","templated":true}]}}