{"id":1856,"date":"2025-01-23T16:42:26","date_gmt":"2025-01-23T16:42:26","guid":{"rendered":"https:\/\/police-rdc.kinshasadigital.dev\/?page_id=1856"},"modified":"2025-01-23T17:10:20","modified_gmt":"2025-01-23T17:10:20","slug":"videos","status":"publish","type":"page","link":"https:\/\/police.cd\/site\/videos\/","title":{"rendered":"Vid\u00e9os"},"content":{"rendered":"\t\t<div data-elementor-type=\"wp-page\" data-elementor-id=\"1856\" class=\"elementor elementor-1856\" data-elementor-post-type=\"page\">\n\t\t\t\t<div data-particle_enable=\"false\" data-particle-mobile-disabled=\"false\" class=\"elementor-element elementor-element-1eaf7043 e-flex e-con-boxed e-con e-parent\" data-id=\"1eaf7043\" data-element_type=\"container\" data-e-type=\"container\" data-settings=\"{&quot;background_background&quot;:&quot;classic&quot;}\">\n\t\t\t\t\t<div class=\"e-con-inner\">\n\t\t\t\t<div class=\"elementor-element elementor-element-68fa540d elementor-widget elementor-widget-heading\" data-id=\"68fa540d\" data-element_type=\"widget\" data-e-type=\"widget\" data-widget_type=\"heading.default\">\n\t\t\t\t<div class=\"elementor-widget-container\">\n\t\t\t\t\t<h2 class=\"elementor-heading-title elementor-size-default\">M\u00e9dias - Vid\u00e9os<\/h2>\t\t\t\t<\/div>\n\t\t\t\t<\/div>\n\t\t\t\t\t<\/div>\n\t\t\t\t<\/div>\n\t\t<div data-particle_enable=\"false\" data-particle-mobile-disabled=\"false\" class=\"elementor-element elementor-element-1a4700dd e-flex e-con-boxed e-con e-parent\" data-id=\"1a4700dd\" data-element_type=\"container\" data-e-type=\"container\">\n\t\t\t\t\t<div class=\"e-con-inner\">\n\t\t\t\t<div class=\"elementor-element elementor-element-27641de0 eael-fg-hoverer-content-align-left elementor-widget elementor-widget-eael-filterable-gallery\" data-id=\"27641de0\" data-element_type=\"widget\" data-e-type=\"widget\" data-settings=\"{&quot;pagination&quot;:&quot;yes&quot;}\" data-widget_type=\"eael-filterable-gallery.default\">\n\t\t\t\t<div class=\"elementor-widget-container\">\n\t\t\t\t\t<style id=\"eael-fg-inline-css-27641de0\">@media only screen and (max-width: 2399px) {\n\t\t\t\t\t.elementor-element.elementor-element-27641de0 .eael-filterable-gallery-item-wrap {\n\t\t\t\t\t        width: 33.333333333333%;\n\t\t\t\t\t    }\n\t\t\t\t\t}@media only screen and (max-width: 1024px) {\n\t\t\t\t\t.elementor-element.elementor-element-27641de0  .eael-filterable-gallery-item-wrap {\n\t\t\t\t\t        width: 50%;\n\t\t\t\t\t    }\n\t\t\t\t\t}@media only screen and (max-width: 767px) {\n\t\t\t\t\t.elementor-element.elementor-element-27641de0  .eael-filterable-gallery-item-wrap {\n\t\t\t\t\t        width: 100%;\n\t\t\t\t\t    }\n\t\t\t\t\t}<\/style>        <div id=\"eael-filter-gallery-wrapper-27641de0\" class=\"eael-filter-gallery-wrapper\" data-layout-mode=\"hoverer\" data-breakpoints=\"{&quot;mobile&quot;:{&quot;label&quot;:&quot;Portrait mobile&quot;,&quot;value&quot;:767,&quot;default_value&quot;:767,&quot;direction&quot;:&quot;max&quot;,&quot;is_enabled&quot;:true},&quot;mobile_extra&quot;:{&quot;label&quot;:&quot;Mobile Paysage&quot;,&quot;value&quot;:880,&quot;default_value&quot;:880,&quot;direction&quot;:&quot;max&quot;,&quot;is_enabled&quot;:false},&quot;tablet&quot;:{&quot;label&quot;:&quot;Tablette en mode portrait&quot;,&quot;value&quot;:1024,&quot;default_value&quot;:1024,&quot;direction&quot;:&quot;max&quot;,&quot;is_enabled&quot;:true},&quot;tablet_extra&quot;:{&quot;label&quot;:&quot;Tablette en mode paysage&quot;,&quot;value&quot;:1200,&quot;default_value&quot;:1200,&quot;direction&quot;:&quot;max&quot;,&quot;is_enabled&quot;:false},&quot;laptop&quot;:{&quot;label&quot;:&quot;Portable&quot;,&quot;value&quot;:1366,&quot;default_value&quot;:1366,&quot;direction&quot;:&quot;max&quot;,&quot;is_enabled&quot;:false},&quot;widescreen&quot;:{&quot;label&quot;:&quot;\\u00c9cran large&quot;,&quot;value&quot;:2400,&quot;default_value&quot;:2400,&quot;direction&quot;:&quot;min&quot;,&quot;is_enabled&quot;:false}}\" data-default_control_key=\"0\" data-custom_default_control=\"\">\n                        <div class=\"eael-filter-gallery-control\">\n                <ul><li data-load-more-status=\"0\" data-first-init=\"1\" class=\"control all-control  active \" data-filter=\"*\">Toutes<\/li><li  data-load-more-status=\"0\" data-first-init=\"0\"\n                        class=\"control \" data-filter=\".eael-cf-les-forces-de-lapostropheordre-au-quotidien\">Les forces de l&#039;ordre au quotidien<\/li><li  data-load-more-status=\"0\" data-first-init=\"0\"\n                        class=\"control \" data-filter=\".eael-cf-au-service-de-la-communaut\u00e9\">Au service de la communaut\u00e9<\/li><li  data-load-more-status=\"0\" data-first-init=\"0\"\n                        class=\"control \" data-filter=\".eael-cf-les-\u00e9volutions-de-la-police\">Les \u00e9volutions de la police<\/li><\/ul>\n            <\/div>\n                    <div class=\"eael-filter-gallery-container eael-filter-gallery-grid\" data-images-per-page=\"6\" data-total-gallery-items=\"1\" data-nomore-item-text=\"No more items!\" data-is-randomize=\"no\" data-settings=\"{&quot;grid_style&quot;:&quot;grid&quot;,&quot;popup&quot;:&quot;media&quot;,&quot;duration&quot;:500,&quot;gallery_enabled&quot;:&quot;&quot;,&quot;video_gallery_yt_privacy&quot;:&quot;&quot;,&quot;control_all_text&quot;:&quot;Toutes&quot;,&quot;mobile_scroll_to_top&quot;:&quot;&quot;,&quot;mobile_scroll_offset&quot;:0,&quot;post_id&quot;:1856,&quot;widget_id&quot;:&quot;27641de0&quot;}\" data-search-all=\"\" data-gallery-items=\"WyI8ZGl2IGNsYXNzPVwiZWFlbC1maWx0ZXJhYmxlLWdhbGxlcnktaXRlbS13cmFwIGVhZWwtY2YtbGVzLWZvcmNlcy1kZS1sYXBvc3Ryb3BoZW9yZHJlLWF1LXF1b3RpZGllblwiPlxuXHRcdFx0XHQ8ZGl2IGNsYXNzPVwiZWFlbC1nYWxsZXJ5LWdyaWQtaXRlbVwiPjxkaXYgY2xhc3M9XCJnYWxsZXJ5LWl0ZW0tdGh1bWJuYWlsLXdyYXBcIj48aW1nIHdpZHRoPVwiMzAwXCIgaGVpZ2h0PVwiMjUwXCIgc3JjPVwiaHR0cHM6XC9cL3BvbGljZS5jZFwvc2l0ZVwvd3AtY29udGVudFwvdXBsb2Fkc1wvMjAyNVwvMDFcL0NhcHR1cmUtZGVjcmFuLTIwMjUtMDEtMjMtYS0xOC4wNy4zMi0zMDB4MjUwLnBuZ1wiIGNsYXNzPVwiYXR0YWNobWVudC1tZWRpdW0gc2l6ZS1tZWRpdW0gd3AtaW1hZ2UtMTg5MlwiIGFsdD1cIlwiIHNyY3NldD1cImh0dHBzOlwvXC9wb2xpY2UuY2RcL3NpdGVcL3dwLWNvbnRlbnRcL3VwbG9hZHNcLzIwMjVcLzAxXC9DYXB0dXJlLWRlY3Jhbi0yMDI1LTAxLTIzLWEtMTguMDcuMzItMzAweDI1MC5wbmcgMzAwdywgaHR0cHM6XC9cL3BvbGljZS5jZFwvc2l0ZVwvd3AtY29udGVudFwvdXBsb2Fkc1wvMjAyNVwvMDFcL0NhcHR1cmUtZGVjcmFuLTIwMjUtMDEtMjMtYS0xOC4wNy4zMi5wbmcgNDQ3d1wiIHNpemVzPVwiKG1heC13aWR0aDogMzAwcHgpIDEwMHZ3LCAzMDBweFwiIFwvPjxhIGFyZWEtaGlkZGVuPVwidHJ1ZVwiICB0aXRsZT1cIlwiIGFyaWEtbGFiZWw9XCJlYWVsLW1hZ25pZmljLXZpZGVvLWxpbmtcIiBocmVmPVwiaHR0cHM6XC9cL3BvbGljZS5jZFwvc2l0ZVwvd3AtY29udGVudFwvdXBsb2Fkc1wvMjAyNVwvMDFcL3BvbGljZS12aWRlby0xLm1wNFwiIGNsYXNzPVwidmlkZW8tcG9wdXAgZWFlbC1tYWduaWZpYy1saW5rIGVhZWwtbWFnbmlmaWMtbGluay1jbG9uZSBhY3RpdmUgZWFlbC1tYWduaWZpYy12aWRlby1saW5rIG1mcC1pZnJhbWUgcGxheW91dC1ob3Jpem9udGFsXCIgZGF0YS1pZD1cImYyODlmZGRcIiBkYXRhLWVsZW1lbnRvci1vcGVuLWxpZ2h0Ym94PVwieWVzXCI+PGRpdiBjbGFzcz1cInZpZGVvLXBvcHVwLWJnIGdhbGxlcnktaXRlbS1jYXB0aW9uLXdyYXAgY2FwdGlvbi1zdHlsZS1ob3ZlcmVyIGVhZWwtc2xpZGUtdXBcIj48ZGl2IGNsYXNzPVwiZ2FsbGVyeS1pdGVtLWNhcHRpb24tb3ZlclwiPjxcL2Rpdj48XC9kaXY+PGltZyB3aWR0aD1cIjYyXCIgaGVpZ2h0PVwiNjJcIiBzcmM9XCJodHRwczpcL1wvcG9saWNlLmNkXC9zaXRlXC93cC1jb250ZW50XC9wbHVnaW5zXC9lc3NlbnRpYWwtYWRkb25zLWZvci1lbGVtZW50b3ItbGl0ZVwvYXNzZXRzXC9mcm9udC1lbmRcL2ltZ1wvcGxheS1pY29uLnBuZ1wiIGFsdD1cImVhZWwtZmctdmlkZW8tcGxheS1pY29uXCIgPjxcL2E+PFwvZGl2PjxhIGFyZWEtaGlkZGVuPVwidHJ1ZVwiIGFyaWEtbGFiZWw9XCJlYWVsLW1hZ25pZmljLWxpbmtcIiBocmVmPVwiaHR0cHM6XC9cL3BvbGljZS5jZFwvc2l0ZVwvd3AtY29udGVudFwvdXBsb2Fkc1wvMjAyNVwvMDFcL0NhcHR1cmUtZGVjcmFuLTIwMjUtMDEtMjMtYS0xOC4wNy4zMi5wbmdcIiBjbGFzcz1cImVhZWwtbWFnbmlmaWMtbGluayBlYWVsLW1hZ25pZmljLWxpbmstY2xvbmUgYWN0aXZlIG1lZGlhLWNvbnRlbnQtd3JhcFwiIGRhdGEtZWxlbWVudG9yLW9wZW4tbGlnaHRib3g9XCJ5ZXNcIiB0aXRsZT1cIlwiPjxcL2E+PFwvZGl2PjxcL2Rpdj4iXQ==\" data-init-show=\"6\">\n            <div class=\"eael-filterable-gallery-item-wrap eael-cf-les-forces-de-lapostropheordre-au-quotidien\">\n\t\t\t\t<div class=\"eael-gallery-grid-item\"><div class=\"gallery-item-thumbnail-wrap\"><img fetchpriority=\"high\" decoding=\"async\" width=\"300\" height=\"250\" src=\"https:\/\/police.cd\/site\/wp-content\/uploads\/2025\/01\/Capture-decran-2025-01-23-a-18.07.32-300x250.png\" class=\"attachment-medium size-medium wp-image-1892\" alt=\"\" srcset=\"https:\/\/police.cd\/site\/wp-content\/uploads\/2025\/01\/Capture-decran-2025-01-23-a-18.07.32-300x250.png 300w, https:\/\/police.cd\/site\/wp-content\/uploads\/2025\/01\/Capture-decran-2025-01-23-a-18.07.32.png 447w\" sizes=\"(max-width: 300px) 100vw, 300px\" \/><a area-hidden=\"true\"  title=\"\" aria-label=\"eael-magnific-video-link\" href=\"https:\/\/police.cd\/site\/wp-content\/uploads\/2025\/01\/police-video-1.mp4\" class=\"video-popup eael-magnific-link eael-magnific-link-clone active eael-magnific-video-link mfp-iframe playout-horizontal\" data-id=\"f289fdd\" data-elementor-open-lightbox=\"yes\"><div class=\"video-popup-bg gallery-item-caption-wrap caption-style-hoverer eael-slide-up\"><div class=\"gallery-item-caption-over\"><\/div><\/div><img decoding=\"async\" width=\"62\" height=\"62\" src=\"https:\/\/police.cd\/site\/wp-content\/plugins\/essential-addons-for-elementor-lite\/assets\/front-end\/img\/play-icon.png\" alt=\"eael-fg-video-play-icon\" ><\/a><\/div><a area-hidden=\"true\" aria-label=\"eael-magnific-link\" href=\"https:\/\/police.cd\/site\/wp-content\/uploads\/2025\/01\/Capture-decran-2025-01-23-a-18.07.32.png\" class=\"eael-magnific-link eael-magnific-link-clone active media-content-wrap\" data-elementor-open-lightbox=\"yes\" title=\"\"><\/a><\/div><\/div>        <\/div>\n                    <div class=\"eael-filterable-gallery-loadmore\">\n                <button class=\"eael-gallery-load-more elementor-button elementor-size-md\">\n                    <span class=\"eael-btn-loader\"><\/span>\n                                        <span class=\"eael-filterable-gallery-load-more-text\">\n                        Plus de vid\u00e9os                     <\/span>\n                                                                                                        <span class=\"eael-filterable-gallery-load-more-icon fg-load-more-icon-right fas fa-search-plus\" aria-hidden=\"true\"><\/span>\n                                                                                        <\/button>\n            <\/div>\n                <\/div>\n        \n        \t\t\t\t<\/div>\n\t\t\t\t<\/div>\n\t\t\t\t\t<\/div>\n\t\t\t\t<\/div>\n\t\t\t\t<\/div>\n\t\t","protected":false},"excerpt":{"rendered":"<p>M\u00e9dias &#8211; Vid\u00e9os Toutes Les forces de l&#039;ordre au quotidien Au service de la communaut\u00e9 Les \u00e9volutions de la police Plus de vid\u00e9os<\/p>\n","protected":false},"author":1,"featured_media":0,"parent":0,"menu_order":0,"comment_status":"closed","ping_status":"closed","template":"","meta":{"_acf_changed":false,"site-sidebar-layout":"no-sidebar","site-content-layout":"","ast-site-content-layout":"full-width-container","site-content-style":"default","site-sidebar-style":"default","ast-global-header-display":"","ast-banner-title-visibility":"","ast-main-header-display":"","ast-hfb-above-header-display":"","ast-hfb-below-header-display":"","ast-hfb-mobile-header-display":"","site-post-title":"disabled","ast-breadcrumbs-content":"","ast-featured-img":"disabled","footer-sml-layout":"","ast-disable-related-posts":"","theme-transparent-header-meta":"","adv-header-id-meta":"","stick-header-meta":"","header-above-stick-meta":"","header-main-stick-meta":"","header-below-stick-meta":"","astra-migrate-meta-layouts":"default","ast-page-background-enabled":"default","ast-page-background-meta":{"desktop":{"background-color":"var(--ast-global-color-4)","background-image":"","background-repeat":"repeat","background-position":"center center","background-size":"auto","background-attachment":"scroll","background-type":"","background-media":"","overlay-type":"","overlay-color":"","overlay-opacity":"","overlay-gradient":""},"tablet":{"background-color":"","background-image":"","background-repeat":"repeat","background-position":"center center","background-size":"auto","background-attachment":"scroll","background-type":"","background-media":"","overlay-type":"","overlay-color":"","overlay-opacity":"","overlay-gradient":""},"mobile":{"background-color":"","background-image":"","background-repeat":"repeat","background-position":"center center","background-size":"auto","background-attachment":"scroll","background-type":"","background-media":"","overlay-type":"","overlay-color":"","overlay-opacity":"","overlay-gradient":""}},"ast-content-background-meta":{"desktop":{"background-color":"var(--ast-global-color-5)","background-image":"","background-repeat":"repeat","background-position":"center center","background-size":"auto","background-attachment":"scroll","background-type":"","background-media":"","overlay-type":"","overlay-color":"","overlay-opacity":"","overlay-gradient":""},"tablet":{"background-color":"var(--ast-global-color-5)","background-image":"","background-repeat":"repeat","background-position":"center center","background-size":"auto","background-attachment":"scroll","background-type":"","background-media":"","overlay-type":"","overlay-color":"","overlay-opacity":"","overlay-gradient":""},"mobile":{"background-color":"var(--ast-global-color-5)","background-image":"","background-repeat":"repeat","background-position":"center center","background-size":"auto","background-attachment":"scroll","background-type":"","background-media":"","overlay-type":"","overlay-color":"","overlay-opacity":"","overlay-gradient":""}},"footnotes":""},"class_list":["post-1856","page","type-page","status-publish","hentry"],"acf":[],"_links":{"self":[{"href":"https:\/\/police.cd\/site\/wp-json\/wp\/v2\/pages\/1856","targetHints":{"allow":["GET"]}}],"collection":[{"href":"https:\/\/police.cd\/site\/wp-json\/wp\/v2\/pages"}],"about":[{"href":"https:\/\/police.cd\/site\/wp-json\/wp\/v2\/types\/page"}],"author":[{"embeddable":true,"href":"https:\/\/police.cd\/site\/wp-json\/wp\/v2\/users\/1"}],"replies":[{"embeddable":true,"href":"https:\/\/police.cd\/site\/wp-json\/wp\/v2\/comments?post=1856"}],"version-history":[{"count":19,"href":"https:\/\/police.cd\/site\/wp-json\/wp\/v2\/pages\/1856\/revisions"}],"predecessor-version":[{"id":1898,"href":"https:\/\/police.cd\/site\/wp-json\/wp\/v2\/pages\/1856\/revisions\/1898"}],"wp:attachment":[{"href":"https:\/\/police.cd\/site\/wp-json\/wp\/v2\/media?parent=1856"}],"curies":[{"name":"wp","href":"https:\/\/api.w.org\/{rel}","templated":true}]}}