{"id":1923,"date":"2025-01-24T15:50:51","date_gmt":"2025-01-24T15:50:51","guid":{"rendered":"https:\/\/police-rdc.kinshasadigital.dev\/?page_id=1923"},"modified":"2025-04-15T13:33:25","modified_gmt":"2025-04-15T13:33:25","slug":"denonciation","status":"publish","type":"page","link":"https:\/\/police.cd\/site\/denonciation\/","title":{"rendered":"D\u00e9nonciation"},"content":{"rendered":"\t\t<div data-elementor-type=\"wp-page\" data-elementor-id=\"1923\" class=\"elementor elementor-1923\" data-elementor-post-type=\"page\">\n\t\t\t\t<div data-particle_enable=\"false\" data-particle-mobile-disabled=\"false\" class=\"elementor-element elementor-element-23ce3a32 e-flex e-con-boxed e-con e-parent\" data-id=\"23ce3a32\" data-element_type=\"container\" data-e-type=\"container\" data-settings=\"{&quot;background_background&quot;:&quot;classic&quot;}\">\n\t\t\t\t\t<div class=\"e-con-inner\">\n\t\t\t\t\t<\/div>\n\t\t\t\t<\/div>\n\t\t<div data-particle_enable=\"false\" data-particle-mobile-disabled=\"false\" class=\"elementor-element elementor-element-7ba0a5b e-flex e-con-boxed e-con e-parent\" data-id=\"7ba0a5b\" data-element_type=\"container\" data-e-type=\"container\">\n\t\t\t\t\t<div class=\"e-con-inner\">\n\t\t<div data-particle_enable=\"false\" data-particle-mobile-disabled=\"false\" class=\"elementor-element elementor-element-67236811 e-con-full e-flex e-con e-child\" data-id=\"67236811\" data-element_type=\"container\" data-e-type=\"container\">\n\t\t\t\t<div class=\"elementor-element elementor-element-50348f6 elementor-widget__width-initial elementor-button-align-stretch elementor-widget elementor-widget-form\" data-id=\"50348f6\" data-element_type=\"widget\" data-e-type=\"widget\" data-settings=\"{&quot;step_next_label&quot;:&quot;Next&quot;,&quot;step_previous_label&quot;:&quot;Previous&quot;,&quot;button_width&quot;:&quot;100&quot;,&quot;step_type&quot;:&quot;number_text&quot;,&quot;step_icon_shape&quot;:&quot;circle&quot;}\" data-widget_type=\"form.default\">\n\t\t\t\t<div class=\"elementor-widget-container\">\n\t\t\t\t\t\t\t<form class=\"elementor-form\" method=\"post\" name=\"New Form\">\n\t\t\t<input type=\"hidden\" name=\"post_id\" value=\"1923\"\/>\n\t\t\t<input type=\"hidden\" name=\"form_id\" value=\"50348f6\"\/>\n\t\t\t<input type=\"hidden\" name=\"referer_title\" value=\"D\u00e9nonciation\" \/>\n\n\t\t\t\t\t\t\t<input type=\"hidden\" name=\"queried_id\" value=\"1923\"\/>\n\t\t\t\n\t\t\t<div class=\"elementor-form-fields-wrapper elementor-labels-above\">\n\t\t\t\t\t\t\t\t<div class=\"elementor-field-type-text elementor-field-group elementor-column elementor-field-group-name elementor-col-100\">\n\t\t\t\t\t\t\t\t\t\t\t\t<label for=\"form-field-name\" class=\"elementor-field-label\">\n\t\t\t\t\t\t\t\tObjet\t\t\t\t\t\t\t<\/label>\n\t\t\t\t\t\t\t\t\t\t\t\t\t\t<input size=\"1\" type=\"text\" name=\"form_fields[name]\" id=\"form-field-name\" class=\"elementor-field elementor-size-sm  elementor-field-textual\" placeholder=\"Objet\">\n\t\t\t\t\t\t\t\t\t\t\t<\/div>\n\t\t\t\t\t\t\t\t<div class=\"elementor-field-type-text elementor-field-group elementor-column elementor-field-group-field_6d26b1f elementor-col-100\">\n\t\t\t\t\t\t\t\t\t\t\t\t<label for=\"form-field-field_6d26b1f\" class=\"elementor-field-label\">\n\t\t\t\t\t\t\t\tBr\u00e8ve description des faits\t\t\t\t\t\t\t<\/label>\n\t\t\t\t\t\t\t\t\t\t\t\t\t\t<input size=\"1\" type=\"text\" name=\"form_fields[field_6d26b1f]\" id=\"form-field-field_6d26b1f\" class=\"elementor-field elementor-size-sm  elementor-field-textual\" placeholder=\"Description\">\n\t\t\t\t\t\t\t\t\t\t\t<\/div>\n\t\t\t\t\t\t\t\t<div class=\"elementor-field-type-upload elementor-field-group elementor-column elementor-field-group-field_0195bbc elementor-col-100\">\n\t\t\t\t\t\t\t\t\t\t\t\t<label for=\"form-field-field_0195bbc\" class=\"elementor-field-label\">\n\t\t\t\t\t\t\t\tImages li\u00e9es aux faits\t\t\t\t\t\t\t<\/label>\n\t\t\t\t\t\t\t\t<input type=\"file\" name=\"form_fields[field_0195bbc]\" id=\"form-field-field_0195bbc\" class=\"elementor-field elementor-size-sm  elementor-upload-field\">\n\n\t\t\t\t\t\t<\/div>\n\t\t\t\t\t\t\t\t<div class=\"elementor-field-type-textarea elementor-field-group elementor-column elementor-field-group-message elementor-col-100\">\n\t\t\t\t\t\t\t\t\t\t\t\t<label for=\"form-field-message\" class=\"elementor-field-label\">\n\t\t\t\t\t\t\t\tVos moyens de contacts\t\t\t\t\t\t\t<\/label>\n\t\t\t\t\t\t<textarea class=\"elementor-field-textual elementor-field  elementor-size-sm\" name=\"form_fields[message]\" id=\"form-field-message\" rows=\"4\" placeholder=\"Vos Contacts\"><\/textarea>\t\t\t\t<\/div>\n\t\t\t\t\t\t\t\t<div class=\"elementor-field-group elementor-column elementor-field-type-submit elementor-col-100 e-form__buttons\">\n\t\t\t\t\t<button class=\"elementor-button elementor-size-sm\" type=\"submit\">\n\t\t\t\t\t\t<span class=\"elementor-button-content-wrapper\">\n\t\t\t\t\t\t\t\t\t\t\t\t\t\t\t\t\t\t\t\t\t\t<span class=\"elementor-button-text\">Envoyer <\/span>\n\t\t\t\t\t\t\t\t\t\t\t\t\t<\/span>\n\t\t\t\t\t<\/button>\n\t\t\t\t<\/div>\n\t\t\t<\/div>\n\t\t<\/form>\n\t\t\t\t\t\t<\/div>\n\t\t\t\t<\/div>\n\t\t\t\t<\/div>\n\t\t<div data-particle_enable=\"false\" data-particle-mobile-disabled=\"false\" class=\"elementor-element elementor-element-17a46f14 e-con-full e-flex e-con e-child\" data-id=\"17a46f14\" data-element_type=\"container\" data-e-type=\"container\">\n\t\t\t\t<div class=\"elementor-element elementor-element-79010ed elementor-widget elementor-widget-heading\" data-id=\"79010ed\" data-element_type=\"widget\" data-e-type=\"widget\" data-widget_type=\"heading.default\">\n\t\t\t\t<div class=\"elementor-widget-container\">\n\t\t\t\t\t<h2 class=\"elementor-heading-title elementor-size-default\">ACTUALITES A LA UNE<\/h2>\t\t\t\t<\/div>\n\t\t\t\t<\/div>\n\t\t\t\t<div class=\"elementor-element elementor-element-2b3ff364 elementor-widget elementor-widget-eael-post-list\" data-id=\"2b3ff364\" data-element_type=\"widget\" data-e-type=\"widget\" data-widget_type=\"eael-post-list.default\">\n\t\t\t\t<div class=\"elementor-widget-container\">\n\t\t\t\t\t<div class=\"eael-post-list-container advanced layout-advanced\"><div class=\"eael-post-list-wrap\"><div class=\"eael-post-list-posts-wrap eael-post-appender eael-post-appender-2b3ff364\"><div class=\"eael-post-list-post \"><div class=\"eael-post-list-post-inner\"><div class=\"eael-post-list-thumbnail \"><a href=\"https:\/\/police.cd\/site\/lancement-officiel-de-loperation-de-salubrite-publique-salongo-special-a-kintambo-magasin\/\">\n                <img decoding=\"async\" src=\"https:\/\/police.cd\/site\/wp-content\/uploads\/2026\/04\/WhatsApp-Image-2026-04-11-at-13.31.57-768x1024.jpeg\" alt=\"\">\n            <\/a><\/div><div class=\"eael-post-list-content\"><h2 class=\"eael-post-list-title\"><a href=\"https:\/\/police.cd\/site\/lancement-officiel-de-loperation-de-salubrite-publique-salongo-special-a-kintambo-magasin\/\" >Lancement officiel de l\u2019op\u00e9ration de salubrit\u00e9 publique \u00ab Salongo Sp\u00e9cial \u00bb \u00e0 Kintambo Magasin<\/a><\/h2><div class=\"meta\">\n                    <span><i class=\"far fa-calendar-alt\"><\/i> avril 14, 2026<\/span>\n                <\/div><div class=\"boxed-meta\"><div class=\"meta-categories user-meta-hidden \">\n                <div class=\"meta-cats-wrap\"><a href=\"https:\/\/police.cd\/site\/category\/police\/\">Police<\/a><\/div>\n             <\/div><\/div><\/div><\/div><\/div><div class=\"eael-post-list-post \"><div class=\"eael-post-list-post-inner\"><div class=\"eael-post-list-thumbnail \"><a href=\"https:\/\/police.cd\/site\/kwilu-en-prelude-a-la-13%e1%b5%89-conference-des-gouverneurs-le-vpm-shabani-a-preside-un-comite-provincial-de-securite-elargie\/\">\n                <img decoding=\"async\" src=\"https:\/\/police.cd\/site\/wp-content\/uploads\/2026\/03\/WhatsApp-Image-2026-03-24-at-17.52.48-1-768x511.jpeg\" alt=\"\">\n            <\/a><\/div><div class=\"eael-post-list-content\"><h2 class=\"eael-post-list-title\"><a href=\"https:\/\/police.cd\/site\/kwilu-en-prelude-a-la-13%e1%b5%89-conference-des-gouverneurs-le-vpm-shabani-a-preside-un-comite-provincial-de-securite-elargie\/\" >Kwilu : En pr\u00e9lude \u00e0 la 13\u1d49 Conf\u00e9rence des gouverneurs, le VPM Shabani a pr\u00e9sid\u00e9 un comit\u00e9 Provincial de S\u00e9curit\u00e9 \u00e9largie<\/a><\/h2><div class=\"meta\">\n                    <span><i class=\"far fa-calendar-alt\"><\/i> mars 25, 2026<\/span>\n                <\/div><div class=\"boxed-meta\"><div class=\"meta-categories user-meta-hidden \">\n                <div class=\"meta-cats-wrap\"><a href=\"https:\/\/police.cd\/site\/category\/police\/\">Police<\/a><\/div>\n             <\/div><\/div><\/div><\/div><\/div><div class=\"eael-post-list-post \"><div class=\"eael-post-list-post-inner\"><div class=\"eael-post-list-thumbnail \"><a href=\"https:\/\/police.cd\/site\/reforme-et-modernisation-de-la-pnc-la-monusco-et-lunpol-reaffirment-leur-engagement-aux-cotes-du-commissaire-general\/\">\n                <img decoding=\"async\" src=\"https:\/\/police.cd\/site\/wp-content\/uploads\/2026\/02\/WhatsApp-Image-2026-02-16-at-12.56.0-768x511.jpeg\" alt=\"\">\n            <\/a><\/div><div class=\"eael-post-list-content\"><h2 class=\"eael-post-list-title\"><a href=\"https:\/\/police.cd\/site\/reforme-et-modernisation-de-la-pnc-la-monusco-et-lunpol-reaffirment-leur-engagement-aux-cotes-du-commissaire-general\/\" >R\u00e9forme et modernisation de la PNC : la MONUSCO et l\u2019UNPOL r\u00e9affirment leur engagement aux c\u00f4t\u00e9s du Commissaire G\u00e9n\u00e9ral<\/a><\/h2><div class=\"meta\">\n                    <span><i class=\"far fa-calendar-alt\"><\/i> f\u00e9vrier 16, 2026<\/span>\n                <\/div><div class=\"boxed-meta\"><div class=\"meta-categories user-meta-hidden \">\n                <div class=\"meta-cats-wrap\"><a href=\"https:\/\/police.cd\/site\/category\/commissariat-general\/\">Commissariat G\u00e9n\u00e9ral<\/a><\/div>\n             <\/div><\/div><\/div><\/div><\/div><\/div><\/div>\n\t\t<\/div><div data-nonce=\"308eaf78c7\" class=\"post-list-pagination\" data-widget-id=\"2b3ff364\" data-widget=\"2b3ff364\" data-page-id=\"1923\" data-class=\"Essential_Addons_Elementor\\Pro\\Elements\\Post_List\" data-args=\"orderby=date&amp;order=desc&amp;ignore_sticky_posts=1&amp;post_status=publish&amp;posts_per_page=3&amp;offset=0&amp;post_type=post\" data-settings=\"eael_post_list_post_feature_image=yes&amp;eael_post_list_post_meta=yes&amp;eael_post_list_post_title=yes&amp;eael_post_list_post_excerpt=no&amp;eael_post_list_pagination=yes&amp;eael_post_list_layout_type=advanced&amp;eael_post_list_post_cat=yes&amp;eael_post_list_author_meta=&amp;eael_post_list_title_tag=h2&amp;eael_post_featured_image_size=medium_large\" data-page=\"1\" data-scroll-on-pagination=\"0\" data-scroll-offset=\"100\" data-template=\"{&quot;dir&quot;:&quot;pro&quot;,&quot;file_name&quot;:&quot;advanced.php&quot;,&quot;name&quot;:&quot;Post-List&quot;}\">\n                <button class=\"btn btn-prev-post\" id=\"post-nav-prev-2b3ff364\" disabled=\"true\"><svg aria-hidden=\"true\" class=\"e-font-icon-svg e-fas-angle-left\" viewBox=\"0 0 256 512\" xmlns=\"http:\/\/www.w3.org\/2000\/svg\"><path d=\"M31.7 239l136-136c9.4-9.4 24.6-9.4 33.9 0l22.6 22.6c9.4 9.4 9.4 24.6 0 33.9L127.9 256l96.4 96.4c9.4 9.4 9.4 24.6 0 33.9L201.7 409c-9.4 9.4-24.6 9.4-33.9 0l-136-136c-9.5-9.4-9.5-24.6-.1-34z\"><\/path><\/svg><\/button><button class=\"btn btn-next-post\" id=\"post-nav-next-2b3ff364\"><svg aria-hidden=\"true\" class=\"e-font-icon-svg e-fas-angle-right\" viewBox=\"0 0 256 512\" xmlns=\"http:\/\/www.w3.org\/2000\/svg\"><path d=\"M224.3 273l-136 136c-9.4 9.4-24.6 9.4-33.9 0l-22.6-22.6c-9.4-9.4-9.4-24.6 0-33.9l96.4-96.4-96.4-96.4c-9.4-9.4-9.4-24.6 0-33.9L54.3 103c9.4-9.4 24.6-9.4 33.9 0l136 136c9.5 9.4 9.5 24.6.1 34z\"><\/path><\/svg><\/button>\n\t\t\t<\/div>\t\t\t\t<\/div>\n\t\t\t\t<\/div>\n\t\t\t\t<\/div>\n\t\t\t\t\t<\/div>\n\t\t\t\t<\/div>\n\t\t\t\t<\/div>\n\t\t","protected":false},"excerpt":{"rendered":"<p>ACTUALITES A LA UNE Anne-Marie, Officier de Police Judiciaire : \u00ab \u00catre polici\u00e8re est une activit\u00e9 comme toutes les autres \u00bb mars 31, 2025 Femme Kinshasa : L&#8217;Inspection G\u00e9n\u00e9rale de la Police Nationale Lance une Offensive pour le Respect des Droits Humains mars 31, 2025 Police Lib\u00e9ration des prisonniers en RDC : un pas vers [&hellip;]<\/p>\n","protected":false},"author":1,"featured_media":0,"parent":0,"menu_order":0,"comment_status":"closed","ping_status":"closed","template":"","meta":{"_acf_changed":false,"site-sidebar-layout":"no-sidebar","site-content-layout":"","ast-site-content-layout":"full-width-container","site-content-style":"default","site-sidebar-style":"default","ast-global-header-display":"","ast-banner-title-visibility":"","ast-main-header-display":"","ast-hfb-above-header-display":"","ast-hfb-below-header-display":"","ast-hfb-mobile-header-display":"","site-post-title":"disabled","ast-breadcrumbs-content":"","ast-featured-img":"disabled","footer-sml-layout":"","ast-disable-related-posts":"","theme-transparent-header-meta":"","adv-header-id-meta":"","stick-header-meta":"","header-above-stick-meta":"","header-main-stick-meta":"","header-below-stick-meta":"","astra-migrate-meta-layouts":"default","ast-page-background-enabled":"default","ast-page-background-meta":{"desktop":{"background-color":"var(--ast-global-color-4)","background-image":"","background-repeat":"repeat","background-position":"center center","background-size":"auto","background-attachment":"scroll","background-type":"","background-media":"","overlay-type":"","overlay-color":"","overlay-opacity":"","overlay-gradient":""},"tablet":{"background-color":"","background-image":"","background-repeat":"repeat","background-position":"center center","background-size":"auto","background-attachment":"scroll","background-type":"","background-media":"","overlay-type":"","overlay-color":"","overlay-opacity":"","overlay-gradient":""},"mobile":{"background-color":"","background-image":"","background-repeat":"repeat","background-position":"center center","background-size":"auto","background-attachment":"scroll","background-type":"","background-media":"","overlay-type":"","overlay-color":"","overlay-opacity":"","overlay-gradient":""}},"ast-content-background-meta":{"desktop":{"background-color":"var(--ast-global-color-5)","background-image":"","background-repeat":"repeat","background-position":"center center","background-size":"auto","background-attachment":"scroll","background-type":"","background-media":"","overlay-type":"","overlay-color":"","overlay-opacity":"","overlay-gradient":""},"tablet":{"background-color":"var(--ast-global-color-5)","background-image":"","background-repeat":"repeat","background-position":"center center","background-size":"auto","background-attachment":"scroll","background-type":"","background-media":"","overlay-type":"","overlay-color":"","overlay-opacity":"","overlay-gradient":""},"mobile":{"background-color":"var(--ast-global-color-5)","background-image":"","background-repeat":"repeat","background-position":"center center","background-size":"auto","background-attachment":"scroll","background-type":"","background-media":"","overlay-type":"","overlay-color":"","overlay-opacity":"","overlay-gradient":""}},"footnotes":""},"class_list":["post-1923","page","type-page","status-publish","hentry"],"acf":[],"_links":{"self":[{"href":"https:\/\/police.cd\/site\/wp-json\/wp\/v2\/pages\/1923","targetHints":{"allow":["GET"]}}],"collection":[{"href":"https:\/\/police.cd\/site\/wp-json\/wp\/v2\/pages"}],"about":[{"href":"https:\/\/police.cd\/site\/wp-json\/wp\/v2\/types\/page"}],"author":[{"embeddable":true,"href":"https:\/\/police.cd\/site\/wp-json\/wp\/v2\/users\/1"}],"replies":[{"embeddable":true,"href":"https:\/\/police.cd\/site\/wp-json\/wp\/v2\/comments?post=1923"}],"version-history":[{"count":13,"href":"https:\/\/police.cd\/site\/wp-json\/wp\/v2\/pages\/1923\/revisions"}],"predecessor-version":[{"id":3835,"href":"https:\/\/police.cd\/site\/wp-json\/wp\/v2\/pages\/1923\/revisions\/3835"}],"wp:attachment":[{"href":"https:\/\/police.cd\/site\/wp-json\/wp\/v2\/media?parent=1923"}],"curies":[{"name":"wp","href":"https:\/\/api.w.org\/{rel}","templated":true}]}}